{"id":4715,"date":"2022-04-06T11:19:34","date_gmt":"2022-04-06T09:19:34","guid":{"rendered":"https:\/\/www.arkegypt.com\/?post_type=product&#038;p=4715"},"modified":"2022-07-02T17:22:47","modified_gmt":"2022-07-02T15:22:47","slug":"4715","status":"publish","type":"product","link":"https:\/\/www.arkegypt.com\/fr\/product\/4715\/","title":{"rendered":"(Le palais de la princesse brune) Miroir rectangulaire unique de couleur or fonc\u00e9 110 x 85"},"content":{"rendered":"","protected":false},"excerpt":{"rendered":"<p>&#8211; Miroir rectangulaire couleur or fonc\u00e9 comme une princesse brune dans un palais royal fran\u00e7ais<\/p>\n<p>&#8211; Fabriqu\u00e9 par les artisans les plus qualifi\u00e9s de l&rsquo;industrie artisanale<\/p>\n<p>-Cet \u00e9l\u00e9ment est inspir\u00e9 des palais fran\u00e7ais et de l&rsquo;art ancien fran\u00e7ais classique<\/p>\n<p>\u2013 Ce produit est un design sp\u00e9cial inspir\u00e9 de l&rsquo;art fran\u00e7ais et de l&rsquo;antiquit\u00e9<\/p>\n<p>&#8211; Un miroir joyeux et \u00e9l\u00e9gant qui donne l&rsquo;impression d&rsquo;\u00eatre dans un palais fran\u00e7ais du XVIIIe si\u00e8cle<\/p>\n<p>&#8211; taille 110 x 85 Structure en bois naturel avec l&rsquo;ajout de tous les travaux de gravure sur le mat\u00e9riau du bois r\u00e9sine et miroir 4 mm L&rsquo;un des meilleurs types de miroirs avec des peintures de haute qualit\u00e9 et respectueuses de l&rsquo;environnement<\/p>\n<blockquote><p><strong><em>(Le palais de la princesse brune) Miroir rectangulaire unique de couleur or fonc\u00e9<\/em><\/strong><\/p><\/blockquote>\n","protected":false},"featured_media":4712,"comment_status":"open","ping_status":"closed","template":"","meta":{"_mi_skip_tracking":false},"product_cat":[147],"product_tag":[],"class_list":["post-4715","product","type-product","status-publish","has-post-thumbnail","hentry","product_cat-miroiter"],"_links":{"self":[{"href":"https:\/\/www.arkegypt.com\/fr\/wp-json\/wp\/v2\/product\/4715","targetHints":{"allow":["GET"]}}],"collection":[{"href":"https:\/\/www.arkegypt.com\/fr\/wp-json\/wp\/v2\/product"}],"about":[{"href":"https:\/\/www.arkegypt.com\/fr\/wp-json\/wp\/v2\/types\/product"}],"replies":[{"embeddable":true,"href":"https:\/\/www.arkegypt.com\/fr\/wp-json\/wp\/v2\/comments?post=4715"}],"wp:featuredmedia":[{"embeddable":true,"href":"https:\/\/www.arkegypt.com\/fr\/wp-json\/wp\/v2\/media\/4712"}],"wp:attachment":[{"href":"https:\/\/www.arkegypt.com\/fr\/wp-json\/wp\/v2\/media?parent=4715"}],"wp:term":[{"taxonomy":"product_cat","embeddable":true,"href":"https:\/\/www.arkegypt.com\/fr\/wp-json\/wp\/v2\/product_cat?post=4715"},{"taxonomy":"product_tag","embeddable":true,"href":"https:\/\/www.arkegypt.com\/fr\/wp-json\/wp\/v2\/product_tag?post=4715"}],"curies":[{"name":"wp","href":"https:\/\/api.w.org\/{rel}","templated":true}]}}