{"id":4749,"date":"2022-04-06T10:32:19","date_gmt":"2022-04-06T08:32:19","guid":{"rendered":"https:\/\/www.arkegypt.com\/?post_type=product&#038;p=4749"},"modified":"2022-07-03T17:43:55","modified_gmt":"2022-07-03T15:43:55","slug":"table-de-lage-du-cuivre-table-luxueuse-avec-placage-naturel-et-laiton-massif-attrayant-qui-lentoure-75-x-83","status":"publish","type":"product","link":"https:\/\/www.arkegypt.com\/fr\/product\/table-de-lage-du-cuivre-table-luxueuse-avec-placage-naturel-et-laiton-massif-attrayant-qui-lentoure-75-x-83\/","title":{"rendered":"(Table de l&rsquo;\u00e2ge du cuivre) Table luxueuse avec placage naturel et laiton massif attrayant qui l&rsquo;entoure 75 x 83"},"content":{"rendered":"","protected":false},"excerpt":{"rendered":"<p>&#8211; Table en bois de nos industries, inspir\u00e9e de la civilisation fran\u00e7aise, avec un placage naturel luxueux et du cuivre massif qui l&rsquo;entoure<\/p>\n<p>&#8211; Fabriqu\u00e9 par les artisans les plus qualifi\u00e9s de l&rsquo;industrie artisanale<\/p>\n<p>\u2013 Cet \u00e9l\u00e9ment est inspir\u00e9 des palais fran\u00e7ais et de l&rsquo;art classique ancien fran\u00e7ais<\/p>\n<p>\u2013 Ce produit est un design sp\u00e9cial inspir\u00e9 de l&rsquo;art fran\u00e7ais et de l&rsquo;antiquit\u00e9<\/p>\n<p>\u2013 Une table somptueuse donne l&rsquo;impression d&rsquo;\u00eatre dans un ch\u00e2teau fran\u00e7ais du 18\u00e8me si\u00e8cle<\/p>\n<p>&#8211; Taille 75 x 83, une structure en bois naturel avec l&rsquo;ajout de tous les travaux de gravure sur bois, r\u00e9sine et cuivre entour\u00e9s des meilleurs types de cuivre avec des peintures de haute qualit\u00e9 et respectueuses de l&rsquo;environnement<\/p>\n<blockquote><p><em><strong>(Table de l&rsquo;\u00e2ge du cuivre) Table luxueuse avec placage naturel et laiton massif attrayant qui l&rsquo;entoure<\/strong><\/em><\/p><\/blockquote>\n","protected":false},"featured_media":4746,"comment_status":"open","ping_status":"closed","template":"","meta":{"_mi_skip_tracking":false},"product_cat":[151],"product_tag":[],"class_list":["post-4749","product","type-product","status-publish","has-post-thumbnail","hentry","product_cat-table-fr"],"_links":{"self":[{"href":"https:\/\/www.arkegypt.com\/fr\/wp-json\/wp\/v2\/product\/4749","targetHints":{"allow":["GET"]}}],"collection":[{"href":"https:\/\/www.arkegypt.com\/fr\/wp-json\/wp\/v2\/product"}],"about":[{"href":"https:\/\/www.arkegypt.com\/fr\/wp-json\/wp\/v2\/types\/product"}],"replies":[{"embeddable":true,"href":"https:\/\/www.arkegypt.com\/fr\/wp-json\/wp\/v2\/comments?post=4749"}],"wp:featuredmedia":[{"embeddable":true,"href":"https:\/\/www.arkegypt.com\/fr\/wp-json\/wp\/v2\/media\/4746"}],"wp:attachment":[{"href":"https:\/\/www.arkegypt.com\/fr\/wp-json\/wp\/v2\/media?parent=4749"}],"wp:term":[{"taxonomy":"product_cat","embeddable":true,"href":"https:\/\/www.arkegypt.com\/fr\/wp-json\/wp\/v2\/product_cat?post=4749"},{"taxonomy":"product_tag","embeddable":true,"href":"https:\/\/www.arkegypt.com\/fr\/wp-json\/wp\/v2\/product_tag?post=4749"}],"curies":[{"name":"wp","href":"https:\/\/api.w.org\/{rel}","templated":true}]}}