{"id":4770,"date":"2022-04-05T15:26:02","date_gmt":"2022-04-05T13:26:02","guid":{"rendered":"https:\/\/www.arkegypt.com\/?post_type=product&#038;p=4770"},"modified":"2022-06-29T10:14:53","modified_gmt":"2022-06-29T08:14:53","slug":"tablette-giovanni-socci-1807","status":"publish","type":"product","link":"https:\/\/www.arkegypt.com\/fr\/product\/tablette-giovanni-socci-1807\/","title":{"rendered":"Tablette Giovanni socci 1807"},"content":{"rendered":"","protected":false},"excerpt":{"rendered":"<p>&#8211; Un beau meuble imp\u00e9rial du bureau du m\u00e9canicien de Napol\u00e9on Giovanni Socci, le c1810 s&rsquo;est rendu compte que le c1810 dissimulait un m\u00e9canisme de fermeture complexe, lui permettant de se replier autour du repose-livres, des ailes lat\u00e9rales et du si\u00e8ge. Dans le cas o\u00f9 la chaise \u00e0 trois pieds sur la base coulissante en bois dispara\u00eet vers l&rsquo;ext\u00e9rieur, elle dispara\u00eet compl\u00e8tement dans le meuble. Les supports de planche \u00e0 dessin et d&rsquo;encre tombent et glissent sur les c\u00f4t\u00e9s. Construit au 19\u00e8me si\u00e8cle par Giovanni Succi, un artisan italien de Florence. Et il n&rsquo;\u00e9tait pas le seul \u00e0 l&rsquo;avoir construit. Il fait partie d&rsquo;une famille d&rsquo;artisans qui ont fourni des meubles \u00e0 divers membres du palais et de la famille royale de Florence, et semble au moins avoir produit quatre \u0153uvres de ce type. their leur explication indique que l&rsquo;acte de tirer la chaise est ce qui provoque la d\u00e9formation de la table. Cuir de ch\u00e8vre sur le dessus.<\/p>\n<p>&#8211; Des m\u00e9thodes de d\u00e9veloppement et de recherche scientifique ont \u00e9t\u00e9 ajout\u00e9es \u00e0 cette pi\u00e8ce, de sorte que la chaise sort via le t\u00e9l\u00e9phone avec un mot de passe et ou en touchant dans une partie cach\u00e9e de celle-ci, et lorsque la chaise est ouverte, la musique de son temps est re\u00e7ue<\/p>\n<p>&#8211; Fabriqu\u00e9 par les artisans les plus qualifi\u00e9s de l&rsquo;industrie artisanale<\/p>\n<p>\u2013 Ce produit est un design sp\u00e9cial inspir\u00e9 de l&rsquo;art fran\u00e7ais et de l&rsquo;antiquit\u00e9<\/p>\n<p>&#8211; Un design d\u00e9licieux et des fleurs qui ont du lustre et de la beaut\u00e9<\/p>\n<p>\u2013 Ce produit est un design sp\u00e9cial inspir\u00e9 de l&rsquo;art fran\u00e7ais et de l&rsquo;Antiquit\u00e9 fabriqu\u00e9 par les fabricants les plus qualifi\u00e9s de meubles artisanaux classiques<\/p>\n<p>&#8211; taille 88 x 106 x 82 Structure en bois naturel avec l&rsquo;ajout de tous les travaux de gravure sur r\u00e9sine de bois et peintures respectueuses de l&rsquo;environnement<\/p>\n","protected":false},"featured_media":4755,"comment_status":"open","ping_status":"closed","template":"","meta":{"_mi_skip_tracking":false},"product_cat":[149],"product_tag":[],"class_list":["post-4770","product","type-product","status-publish","has-post-thumbnail","hentry","product_cat-bureau"],"_links":{"self":[{"href":"https:\/\/www.arkegypt.com\/fr\/wp-json\/wp\/v2\/product\/4770","targetHints":{"allow":["GET"]}}],"collection":[{"href":"https:\/\/www.arkegypt.com\/fr\/wp-json\/wp\/v2\/product"}],"about":[{"href":"https:\/\/www.arkegypt.com\/fr\/wp-json\/wp\/v2\/types\/product"}],"replies":[{"embeddable":true,"href":"https:\/\/www.arkegypt.com\/fr\/wp-json\/wp\/v2\/comments?post=4770"}],"wp:featuredmedia":[{"embeddable":true,"href":"https:\/\/www.arkegypt.com\/fr\/wp-json\/wp\/v2\/media\/4755"}],"wp:attachment":[{"href":"https:\/\/www.arkegypt.com\/fr\/wp-json\/wp\/v2\/media?parent=4770"}],"wp:term":[{"taxonomy":"product_cat","embeddable":true,"href":"https:\/\/www.arkegypt.com\/fr\/wp-json\/wp\/v2\/product_cat?post=4770"},{"taxonomy":"product_tag","embeddable":true,"href":"https:\/\/www.arkegypt.com\/fr\/wp-json\/wp\/v2\/product_tag?post=4770"}],"curies":[{"name":"wp","href":"https:\/\/api.w.org\/{rel}","templated":true}]}}