{"id":4781,"date":"2022-04-05T14:03:44","date_gmt":"2022-04-05T12:03:44","guid":{"rendered":"https:\/\/www.arkegypt.com\/?post_type=product&#038;p=4781"},"modified":"2022-07-03T17:54:37","modified_gmt":"2022-07-03T15:54:37","slug":"noeud-dore-commode-de-luxe-avec-pieces-en-cuivre-dore","status":"publish","type":"product","link":"https:\/\/www.arkegypt.com\/fr\/product\/noeud-dore-commode-de-luxe-avec-pieces-en-cuivre-dore\/","title":{"rendered":"(Noeud dor\u00e9) Commode de luxe avec pi\u00e8ces en cuivre dor\u00e9"},"content":{"rendered":"","protected":false},"excerpt":{"rendered":"<p>&#8211; Une commode luxueuse inspir\u00e9e de l&rsquo;ancienne civilisation fran\u00e7aise et avec des pi\u00e8ces en cuivre dor\u00e9 qui lui donnent une forme attrayante avec un lustre \u00e9clatant<\/p>\n<p>&#8211; Fabriqu\u00e9 par les artisans les plus qualifi\u00e9s de l&rsquo;industrie artisanale<\/p>\n<p>\u2013 Ce produit est un design sp\u00e9cial inspir\u00e9 de l&rsquo;art fran\u00e7ais et de l&rsquo;antiquit\u00e9<\/p>\n<p>\u2013 Ce produit est un design sp\u00e9cial inspir\u00e9 de l&rsquo;art et de l&rsquo;antiquit\u00e9 chinois fabriqu\u00e9 par les fabricants les plus qualifi\u00e9s de meubles artisanaux classiques<\/p>\n<p>&#8211; Structure en bois naturel avec l&rsquo;ajout de tous les travaux de gravure sur bois et r\u00e9sine, Un cuivre luxueusement adapt\u00e9 a \u00e9t\u00e9 choisi et des peintures respectueuses de l&rsquo;environnement<\/p>\n<blockquote><p><em><strong>(Noeud dor\u00e9) Commode de luxe avec pi\u00e8ces en cuivre dor\u00e9<\/strong><\/em><\/p><\/blockquote>\n","protected":false},"featured_media":4778,"comment_status":"open","ping_status":"closed","template":"","meta":{"_mi_skip_tracking":false},"product_cat":[145],"product_tag":[],"class_list":["post-4781","product","type-product","status-publish","has-post-thumbnail","hentry","product_cat-commode-fr"],"_links":{"self":[{"href":"https:\/\/www.arkegypt.com\/fr\/wp-json\/wp\/v2\/product\/4781","targetHints":{"allow":["GET"]}}],"collection":[{"href":"https:\/\/www.arkegypt.com\/fr\/wp-json\/wp\/v2\/product"}],"about":[{"href":"https:\/\/www.arkegypt.com\/fr\/wp-json\/wp\/v2\/types\/product"}],"replies":[{"embeddable":true,"href":"https:\/\/www.arkegypt.com\/fr\/wp-json\/wp\/v2\/comments?post=4781"}],"wp:featuredmedia":[{"embeddable":true,"href":"https:\/\/www.arkegypt.com\/fr\/wp-json\/wp\/v2\/media\/4778"}],"wp:attachment":[{"href":"https:\/\/www.arkegypt.com\/fr\/wp-json\/wp\/v2\/media?parent=4781"}],"wp:term":[{"taxonomy":"product_cat","embeddable":true,"href":"https:\/\/www.arkegypt.com\/fr\/wp-json\/wp\/v2\/product_cat?post=4781"},{"taxonomy":"product_tag","embeddable":true,"href":"https:\/\/www.arkegypt.com\/fr\/wp-json\/wp\/v2\/product_tag?post=4781"}],"curies":[{"name":"wp","href":"https:\/\/api.w.org\/{rel}","templated":true}]}}