{"id":4813,"date":"2022-04-04T16:25:39","date_gmt":"2022-04-04T14:25:39","guid":{"rendered":"https:\/\/www.arkegypt.com\/?post_type=product&#038;p=4813"},"modified":"2022-07-04T15:24:02","modified_gmt":"2022-07-04T13:24:02","slug":"golden-angels-rectangular-mirror-with-a-unique-and-luxurious-sculpture-of-two-children-120-x-160","status":"publish","type":"product","link":"https:\/\/www.arkegypt.com\/fr\/product\/golden-angels-rectangular-mirror-with-a-unique-and-luxurious-sculpture-of-two-children-120-x-160\/","title":{"rendered":"(anges dor\u00e9s) Miroir rectangulaire avec une sculpture unique et luxueuse de deux enfants 120 x 160"},"content":{"rendered":"","protected":false},"excerpt":{"rendered":"<p>\u2013 Luxueusement miroir et luxueusement sculpt\u00e9 pour deux rois du patrimoine fran\u00e7ais<\/p>\n<p>&#8211; Fabriqu\u00e9 par les artisans les plus qualifi\u00e9s de l&rsquo;industrie artisanale<\/p>\n<p>-Cet \u00e9l\u00e9ment est inspir\u00e9 des palais fran\u00e7ais et de l&rsquo;art ancien fran\u00e7ais classique<\/p>\n<p>\u2013 Ce produit est un design sp\u00e9cial inspir\u00e9 de l&rsquo;art fran\u00e7ais et de l&rsquo;antiquit\u00e9<\/p>\n<p>&#8211; Un miroir joyeux et \u00e9l\u00e9gant qui donne l&rsquo;impression d&rsquo;\u00eatre dans un palais fran\u00e7ais du XVIIIe si\u00e8cle<\/p>\n<p>&#8211; taille 210 x 80 Structure en bois naturel avec l&rsquo;ajout de tous les travaux de gravure sur le mat\u00e9riau du bois r\u00e9sine et miroir 4 mm L&rsquo;un des meilleurs types de miroirs avec des peintures de haute qualit\u00e9 et respectueuses de l&rsquo;environnement<\/p>\n<blockquote><p><strong><em>(anges dor\u00e9s) Miroir rectangulaire avec une sculpture unique et luxueuse de deux enfants<\/em><\/strong><\/p><\/blockquote>\n","protected":false},"featured_media":4810,"comment_status":"open","ping_status":"closed","template":"","meta":{"_mi_skip_tracking":false},"product_cat":[147],"product_tag":[],"class_list":["post-4813","product","type-product","status-publish","has-post-thumbnail","hentry","product_cat-miroiter"],"_links":{"self":[{"href":"https:\/\/www.arkegypt.com\/fr\/wp-json\/wp\/v2\/product\/4813","targetHints":{"allow":["GET"]}}],"collection":[{"href":"https:\/\/www.arkegypt.com\/fr\/wp-json\/wp\/v2\/product"}],"about":[{"href":"https:\/\/www.arkegypt.com\/fr\/wp-json\/wp\/v2\/types\/product"}],"replies":[{"embeddable":true,"href":"https:\/\/www.arkegypt.com\/fr\/wp-json\/wp\/v2\/comments?post=4813"}],"wp:featuredmedia":[{"embeddable":true,"href":"https:\/\/www.arkegypt.com\/fr\/wp-json\/wp\/v2\/media\/4810"}],"wp:attachment":[{"href":"https:\/\/www.arkegypt.com\/fr\/wp-json\/wp\/v2\/media?parent=4813"}],"wp:term":[{"taxonomy":"product_cat","embeddable":true,"href":"https:\/\/www.arkegypt.com\/fr\/wp-json\/wp\/v2\/product_cat?post=4813"},{"taxonomy":"product_tag","embeddable":true,"href":"https:\/\/www.arkegypt.com\/fr\/wp-json\/wp\/v2\/product_tag?post=4813"}],"curies":[{"name":"wp","href":"https:\/\/api.w.org\/{rel}","templated":true}]}}