{"id":4821,"date":"2022-04-04T15:59:39","date_gmt":"2022-04-04T13:59:39","guid":{"rendered":"https:\/\/www.arkegypt.com\/?post_type=product&#038;p=4821"},"modified":"2022-07-04T15:30:04","modified_gmt":"2022-07-04T13:30:04","slug":"chaise-ailes-daigle-chaise-historique-ailes-daigle-sur-dans-ses-bras-120-x-75-x-70","status":"publish","type":"product","link":"https:\/\/www.arkegypt.com\/fr\/product\/chaise-ailes-daigle-chaise-historique-ailes-daigle-sur-dans-ses-bras-120-x-75-x-70\/","title":{"rendered":"(chaise ailes d&rsquo;aigle) Chaise historique ailes d&rsquo;aigle sur dans ses bras 120 x 75 x 70"},"content":{"rendered":"","protected":false},"excerpt":{"rendered":"<p>&#8211; Fabriqu\u00e9 par les artisans les plus qualifi\u00e9s de l&rsquo;industrie artisanale<\/p>\n<p>&#8211; Chaise d&rsquo;\u00e9poque fran\u00e7aise avec accoudoirs en forme d&rsquo;ailes d&rsquo;aigle<\/p>\n<p>\u2013 Cette chaise est non seulement bonne comme si\u00e8ge dans les caf\u00e9s et les restaurants, mais aussi tr\u00e8s bonne comme banc de travail dans le bureau et l&rsquo;espace de travail de votre maison de luxe. Si vous voulez le mettre sur le porche comme un endroit confortable pour s&rsquo;asseoir, il a \u00e9galement l&rsquo;air luxueux et \u00e9l\u00e9gant<\/p>\n<p>\u2013 Ce produit est un design sp\u00e9cial inspir\u00e9 de l&rsquo;art fran\u00e7ais et de l&rsquo;Antiquit\u00e9 cr\u00e9\u00e9 par les artisans les plus qualifi\u00e9s du mobilier classique. Cuir italien avec rembourrage en \u00e9ponge haute densit\u00e9, tr\u00e8s confortable pour s&rsquo;asseoir<\/p>\n<p>&#8211; DIMENSIONS 120 x 75 x 70<\/p>\n<blockquote><p><strong><em>(chaise ailes d&rsquo;aigle) Chaise historique ailes d&rsquo;aigle sur dans ses bras<\/em><\/strong><\/p><\/blockquote>\n","protected":false},"featured_media":4827,"comment_status":"open","ping_status":"closed","template":"","meta":{"_mi_skip_tracking":false},"product_cat":[144],"product_tag":[],"class_list":["post-4821","product","type-product","status-publish","has-post-thumbnail","hentry","product_cat-chaise"],"_links":{"self":[{"href":"https:\/\/www.arkegypt.com\/fr\/wp-json\/wp\/v2\/product\/4821","targetHints":{"allow":["GET"]}}],"collection":[{"href":"https:\/\/www.arkegypt.com\/fr\/wp-json\/wp\/v2\/product"}],"about":[{"href":"https:\/\/www.arkegypt.com\/fr\/wp-json\/wp\/v2\/types\/product"}],"replies":[{"embeddable":true,"href":"https:\/\/www.arkegypt.com\/fr\/wp-json\/wp\/v2\/comments?post=4821"}],"wp:featuredmedia":[{"embeddable":true,"href":"https:\/\/www.arkegypt.com\/fr\/wp-json\/wp\/v2\/media\/4827"}],"wp:attachment":[{"href":"https:\/\/www.arkegypt.com\/fr\/wp-json\/wp\/v2\/media?parent=4821"}],"wp:term":[{"taxonomy":"product_cat","embeddable":true,"href":"https:\/\/www.arkegypt.com\/fr\/wp-json\/wp\/v2\/product_cat?post=4821"},{"taxonomy":"product_tag","embeddable":true,"href":"https:\/\/www.arkegypt.com\/fr\/wp-json\/wp\/v2\/product_tag?post=4821"}],"curies":[{"name":"wp","href":"https:\/\/api.w.org\/{rel}","templated":true}]}}