{"id":4867,"date":"2022-04-04T15:47:17","date_gmt":"2022-04-04T13:47:17","guid":{"rendered":"https:\/\/www.arkegypt.com\/?post_type=product&#038;p=4867"},"modified":"2022-07-04T16:46:04","modified_gmt":"2022-07-04T14:46:04","slug":"console-feuille-dargent-console-francaise-avec-miroir-en-forme-de-feuille","status":"publish","type":"product","link":"https:\/\/www.arkegypt.com\/fr\/product\/console-feuille-dargent-console-francaise-avec-miroir-en-forme-de-feuille\/","title":{"rendered":"(Console feuille d&rsquo;argent) Console fran\u00e7aise avec miroir en forme de feuille 90 x 115 x 45 x 105"},"content":{"rendered":"","protected":false},"excerpt":{"rendered":"<p>&#8211; Console luxueuse avec miroir en forme de feuillage argent\u00e9, ce produit est l&rsquo;un de nos designs inspir\u00e9s de la civilisation fran\u00e7aise<\/p>\n<p>&#8211; Fabriqu\u00e9 par les artisans les plus qualifi\u00e9s de l&rsquo;industrie artisanale<\/p>\n<p>\u2013 Cet \u00e9l\u00e9ment est inspir\u00e9 des palais fran\u00e7ais et de l&rsquo;art classique ancien fran\u00e7ais<\/p>\n<p>\u2013 Ce produit est un design sp\u00e9cial inspir\u00e9 de l&rsquo;art fran\u00e7ais et de l&rsquo;antiquit\u00e9<\/p>\n<p>&#8211; La console luxueuse avec un miroir joyeux et \u00e9l\u00e9gant cr\u00e9e le sentiment d&rsquo;\u00eatre dans un ch\u00e2teau fran\u00e7ais du 18\u00e8me si\u00e8cle<\/p>\n<p>&#8211; Taille 90 x 115 x 45 x 105, structure en bois naturel avec l&rsquo;ajout de tous les travaux de gravure sur bois, r\u00e9sine et miroirs 4 mm des meilleurs types de miroirs avec des peintures de haute qualit\u00e9 et respectueuses de l&rsquo;environnement<\/p>\n<blockquote><p><em><strong>(Console feuille d&rsquo;argent) Console fran\u00e7aise avec miroir en forme de feuille<\/strong><\/em><\/p><\/blockquote>\n","protected":false},"featured_media":4864,"comment_status":"open","ping_status":"closed","template":"","meta":{"_mi_skip_tracking":false},"product_cat":[147],"product_tag":[],"class_list":["post-4867","product","type-product","status-publish","has-post-thumbnail","hentry","product_cat-miroiter"],"_links":{"self":[{"href":"https:\/\/www.arkegypt.com\/fr\/wp-json\/wp\/v2\/product\/4867","targetHints":{"allow":["GET"]}}],"collection":[{"href":"https:\/\/www.arkegypt.com\/fr\/wp-json\/wp\/v2\/product"}],"about":[{"href":"https:\/\/www.arkegypt.com\/fr\/wp-json\/wp\/v2\/types\/product"}],"replies":[{"embeddable":true,"href":"https:\/\/www.arkegypt.com\/fr\/wp-json\/wp\/v2\/comments?post=4867"}],"wp:featuredmedia":[{"embeddable":true,"href":"https:\/\/www.arkegypt.com\/fr\/wp-json\/wp\/v2\/media\/4864"}],"wp:attachment":[{"href":"https:\/\/www.arkegypt.com\/fr\/wp-json\/wp\/v2\/media?parent=4867"}],"wp:term":[{"taxonomy":"product_cat","embeddable":true,"href":"https:\/\/www.arkegypt.com\/fr\/wp-json\/wp\/v2\/product_cat?post=4867"},{"taxonomy":"product_tag","embeddable":true,"href":"https:\/\/www.arkegypt.com\/fr\/wp-json\/wp\/v2\/product_tag?post=4867"}],"curies":[{"name":"wp","href":"https:\/\/api.w.org\/{rel}","templated":true}]}}