{"id":4888,"date":"2022-04-04T15:39:46","date_gmt":"2022-04-04T13:39:46","guid":{"rendered":"https:\/\/www.arkegypt.com\/?post_type=product&#038;p=4888"},"modified":"2022-07-04T17:42:49","modified_gmt":"2022-07-04T15:42:49","slug":"miroir-du-temple-de-louxor-un-miroir-de-notre-design-inspire-de-lancienne-ere-pharaonique-du-temple-dal-qusour-74-x-51","status":"publish","type":"product","link":"https:\/\/www.arkegypt.com\/fr\/product\/miroir-du-temple-de-louxor-un-miroir-de-notre-design-inspire-de-lancienne-ere-pharaonique-du-temple-dal-qusour-74-x-51\/","title":{"rendered":"(Miroir du Temple de Louxor) Un miroir de notre design inspir\u00e9 de l&rsquo;ancienne \u00e8re pharaonique du Temple d&rsquo;Al-Qusour 74 x 51"},"content":{"rendered":"","protected":false},"excerpt":{"rendered":"<p>&#8211; Miroir inspir\u00e9 de l&rsquo;ancienne \u00e9poque pharaonique et du temple de Louxor<\/p>\n<p>&#8211; Fabriqu\u00e9 par les artisans les plus qualifi\u00e9s de l&rsquo;industrie artisanale<\/p>\n<p>&#8211; Un miroir qui exprime la beaut\u00e9 de l&rsquo;\u00e9poque pharaonique et la beaut\u00e9 des temples de l&rsquo;\u00c9gypte ancienne<\/p>\n<p>\u2013 Ce produit est un design sp\u00e9cial inspir\u00e9 de l&rsquo;art fran\u00e7ais et de l&rsquo;Antiquit\u00e9 fabriqu\u00e9 par les fabricants les plus qualifi\u00e9s de meubles artisanaux classiques<\/p>\n<p>&#8211; taille 74 x 51 Structure en bois naturel avec l&rsquo;ajout de tous les travaux de gravure sur le mat\u00e9riau du bois r\u00e9sine et miroir 4 mm L&rsquo;un des meilleurs types de miroirs avec des peintures de haute qualit\u00e9 et respectueuses de l&rsquo;environnement.<\/p>\n<blockquote><p><em><strong>(Miroir du Temple de Louxor) Un miroir de notre design inspir\u00e9 de l&rsquo;ancienne \u00e8re pharaonique du Temple d&rsquo;Al-Qusour<\/strong><\/em><\/p><\/blockquote>\n","protected":false},"featured_media":4881,"comment_status":"open","ping_status":"closed","template":"","meta":{"_mi_skip_tracking":false},"product_cat":[147],"product_tag":[],"class_list":["post-4888","product","type-product","status-publish","has-post-thumbnail","hentry","product_cat-miroiter"],"_links":{"self":[{"href":"https:\/\/www.arkegypt.com\/fr\/wp-json\/wp\/v2\/product\/4888","targetHints":{"allow":["GET"]}}],"collection":[{"href":"https:\/\/www.arkegypt.com\/fr\/wp-json\/wp\/v2\/product"}],"about":[{"href":"https:\/\/www.arkegypt.com\/fr\/wp-json\/wp\/v2\/types\/product"}],"replies":[{"embeddable":true,"href":"https:\/\/www.arkegypt.com\/fr\/wp-json\/wp\/v2\/comments?post=4888"}],"wp:featuredmedia":[{"embeddable":true,"href":"https:\/\/www.arkegypt.com\/fr\/wp-json\/wp\/v2\/media\/4881"}],"wp:attachment":[{"href":"https:\/\/www.arkegypt.com\/fr\/wp-json\/wp\/v2\/media?parent=4888"}],"wp:term":[{"taxonomy":"product_cat","embeddable":true,"href":"https:\/\/www.arkegypt.com\/fr\/wp-json\/wp\/v2\/product_cat?post=4888"},{"taxonomy":"product_tag","embeddable":true,"href":"https:\/\/www.arkegypt.com\/fr\/wp-json\/wp\/v2\/product_tag?post=4888"}],"curies":[{"name":"wp","href":"https:\/\/api.w.org\/{rel}","templated":true}]}}