{"id":4900,"date":"2019-06-16T13:09:13","date_gmt":"2019-06-16T11:09:13","guid":{"rendered":"https:\/\/www.arkegypt.com\/?post_type=product&#038;p=4900"},"modified":"2022-07-07T17:19:44","modified_gmt":"2022-07-07T15:19:44","slug":"lit-de-brindilles-dorees-lit-du-vieux-patrimoine-italien","status":"publish","type":"product","link":"https:\/\/www.arkegypt.com\/fr\/product\/lit-de-brindilles-dorees-lit-du-vieux-patrimoine-italien\/","title":{"rendered":"(Lit de brindilles dor\u00e9es ) Lit du vieux patrimoine italien"},"content":{"rendered":"","protected":false},"excerpt":{"rendered":"<p>&#8211; Un lit mod\u00e8le italien de mat\u00e9riaux luxueux et un design distinctif qui indique le luxe et l&rsquo;h\u00e9ritage, inspir\u00e9 des palais italiens et de l&rsquo;ancien patrimoine italien.<\/p>\n<p>&#8211; Fabriqu\u00e9 par les artisans les plus qualifi\u00e9s de l&rsquo;industrie artisanale.<\/p>\n<p>\u2013 Ce produit est un design sp\u00e9cial inspir\u00e9 de l&rsquo;art italien et de l&rsquo;Antiquit\u00e9 fabriqu\u00e9 par les fabricants les plus qualifi\u00e9s de meubles artisanaux classiques.<\/p>\n<p>&#8211; Structure en bois naturel avec l&rsquo;ajout de tous les travaux de gravure sur bois, r\u00e9sine et peintures respectueuses de l&rsquo;environnement<\/p>\n<blockquote><p><em><strong>(Lit de brindilles dor\u00e9es ) Lit du vieux patrimoine italien<\/strong><\/em><\/p><\/blockquote>\n","protected":false},"featured_media":2848,"comment_status":"open","ping_status":"closed","template":"","meta":{"_mi_skip_tracking":false},"product_cat":[142],"product_tag":[],"class_list":["post-4900","product","type-product","status-publish","has-post-thumbnail","hentry","product_cat-lit"],"_links":{"self":[{"href":"https:\/\/www.arkegypt.com\/fr\/wp-json\/wp\/v2\/product\/4900","targetHints":{"allow":["GET"]}}],"collection":[{"href":"https:\/\/www.arkegypt.com\/fr\/wp-json\/wp\/v2\/product"}],"about":[{"href":"https:\/\/www.arkegypt.com\/fr\/wp-json\/wp\/v2\/types\/product"}],"replies":[{"embeddable":true,"href":"https:\/\/www.arkegypt.com\/fr\/wp-json\/wp\/v2\/comments?post=4900"}],"wp:featuredmedia":[{"embeddable":true,"href":"https:\/\/www.arkegypt.com\/fr\/wp-json\/wp\/v2\/media\/2848"}],"wp:attachment":[{"href":"https:\/\/www.arkegypt.com\/fr\/wp-json\/wp\/v2\/media?parent=4900"}],"wp:term":[{"taxonomy":"product_cat","embeddable":true,"href":"https:\/\/www.arkegypt.com\/fr\/wp-json\/wp\/v2\/product_cat?post=4900"},{"taxonomy":"product_tag","embeddable":true,"href":"https:\/\/www.arkegypt.com\/fr\/wp-json\/wp\/v2\/product_tag?post=4900"}],"curies":[{"name":"wp","href":"https:\/\/api.w.org\/{rel}","templated":true}]}}