{"id":4904,"date":"2019-06-17T08:14:47","date_gmt":"2019-06-17T06:14:47","guid":{"rendered":"https:\/\/www.arkegypt.com\/?post_type=product&#038;p=4904"},"modified":"2022-07-07T13:41:28","modified_gmt":"2022-07-07T11:41:28","slug":"lit-royal-crown-lit-de-lancien-heritage-classique-italien","status":"publish","type":"product","link":"https:\/\/www.arkegypt.com\/fr\/product\/lit-royal-crown-lit-de-lancien-heritage-classique-italien\/","title":{"rendered":"(Lit Royal crown) Lit de l&rsquo;ancien h\u00e9ritage classique italien"},"content":{"rendered":"","protected":false},"excerpt":{"rendered":"<p>\u2013 Lit mod\u00e8le italien de mat\u00e9riaux luxueux, design distinctif et doubl\u00e9 de cuir italien naturel luxueux, qui indique le luxe et l&rsquo;h\u00e9ritage inspir\u00e9s des palais italiens et de l&rsquo;ancien h\u00e9ritage italien.<\/p>\n<p>-Fabriqu\u00e9 par les artisans les plus qualifi\u00e9s de l&rsquo;industrie artisanale.<\/p>\n<p>&#8211; Ce produit est un design sp\u00e9cial inspir\u00e9 de l&rsquo;art italien et de l&rsquo;antiquit\u00e9 fabriqu\u00e9 par les fabricants les plus qualifi\u00e9s de meubles artisanaux classiques.<\/p>\n<p>\u2013 Structure en bois naturel avec l&rsquo;ajout de tous les travaux de gravure sur bois, r\u00e9sine et peintures \u00e9cologiques.<\/p>\n<blockquote><p><em><strong>(Lit Royal crown) Lit de l&rsquo;ancien h\u00e9ritage classique italien<\/strong><\/em><\/p><\/blockquote>\n","protected":false},"featured_media":2827,"comment_status":"open","ping_status":"closed","template":"","meta":{"_mi_skip_tracking":false},"product_cat":[142],"product_tag":[],"class_list":["post-4904","product","type-product","status-publish","has-post-thumbnail","hentry","product_cat-lit"],"_links":{"self":[{"href":"https:\/\/www.arkegypt.com\/fr\/wp-json\/wp\/v2\/product\/4904","targetHints":{"allow":["GET"]}}],"collection":[{"href":"https:\/\/www.arkegypt.com\/fr\/wp-json\/wp\/v2\/product"}],"about":[{"href":"https:\/\/www.arkegypt.com\/fr\/wp-json\/wp\/v2\/types\/product"}],"replies":[{"embeddable":true,"href":"https:\/\/www.arkegypt.com\/fr\/wp-json\/wp\/v2\/comments?post=4904"}],"wp:featuredmedia":[{"embeddable":true,"href":"https:\/\/www.arkegypt.com\/fr\/wp-json\/wp\/v2\/media\/2827"}],"wp:attachment":[{"href":"https:\/\/www.arkegypt.com\/fr\/wp-json\/wp\/v2\/media?parent=4904"}],"wp:term":[{"taxonomy":"product_cat","embeddable":true,"href":"https:\/\/www.arkegypt.com\/fr\/wp-json\/wp\/v2\/product_cat?post=4904"},{"taxonomy":"product_tag","embeddable":true,"href":"https:\/\/www.arkegypt.com\/fr\/wp-json\/wp\/v2\/product_tag?post=4904"}],"curies":[{"name":"wp","href":"https:\/\/api.w.org\/{rel}","templated":true}]}}