{"id":4916,"date":"2019-06-17T08:15:48","date_gmt":"2019-06-17T06:15:48","guid":{"rendered":"https:\/\/www.arkegypt.com\/?post_type=product&#038;p=4916"},"modified":"2022-07-06T17:47:07","modified_gmt":"2022-07-06T15:47:07","slug":"lit-de-la-reine-de-france-henriette-marie-lit-du-palais-de-la-reine-henriette-maria-patrimoine-francais","status":"publish","type":"product","link":"https:\/\/www.arkegypt.com\/fr\/product\/lit-de-la-reine-de-france-henriette-marie-lit-du-palais-de-la-reine-henriette-maria-patrimoine-francais\/","title":{"rendered":"(Lit de la reine de France Henriette Marie) Lit du palais de la Reine Henriette Maria Patrimoine fran\u00e7ais"},"content":{"rendered":"","protected":false},"excerpt":{"rendered":"<p>&#8211; Lit antique de la reine Henrietta Maria Elle est la reine d&rsquo;Angleterre, d&rsquo;\u00c9cosse et d&rsquo;Irlande Elle est la fille d&rsquo;Henri IV de France<\/p>\n<p>&#8211; Fabriqu\u00e9 par les artisans les plus qualifi\u00e9s de l&rsquo;industrie artisanale<\/p>\n<p>\u2013 Ce produit est un design sp\u00e9cial inspir\u00e9 de l&rsquo;art fran\u00e7ais et de l&rsquo;antiquit\u00e9<\/p>\n<p>\u2013 Ce produit est un design sp\u00e9cial inspir\u00e9 de l&rsquo;art fran\u00e7ais et de l&rsquo;Antiquit\u00e9 fabriqu\u00e9 par les fabricants les plus qualifi\u00e9s de meubles artisanaux classiques<\/p>\n<p>&#8211; Structure en bois naturel avec l&rsquo;ajout de toutes les gravures sur bois et r\u00e9sine et recouverte d&rsquo;une couche de cuir naturel et de peintures respectueuses de l&rsquo;environnement.<\/p>\n<blockquote><p><strong><em>(Lit de la reine de France Henriette Marie) Lit du palais de la Reine Henriette Maria Patrimoine fran\u00e7ais<\/em><\/strong><\/p><\/blockquote>\n","protected":false},"featured_media":2830,"comment_status":"open","ping_status":"closed","template":"","meta":{"_mi_skip_tracking":false},"product_cat":[142],"product_tag":[],"class_list":["post-4916","product","type-product","status-publish","has-post-thumbnail","hentry","product_cat-lit"],"_links":{"self":[{"href":"https:\/\/www.arkegypt.com\/fr\/wp-json\/wp\/v2\/product\/4916","targetHints":{"allow":["GET"]}}],"collection":[{"href":"https:\/\/www.arkegypt.com\/fr\/wp-json\/wp\/v2\/product"}],"about":[{"href":"https:\/\/www.arkegypt.com\/fr\/wp-json\/wp\/v2\/types\/product"}],"replies":[{"embeddable":true,"href":"https:\/\/www.arkegypt.com\/fr\/wp-json\/wp\/v2\/comments?post=4916"}],"wp:featuredmedia":[{"embeddable":true,"href":"https:\/\/www.arkegypt.com\/fr\/wp-json\/wp\/v2\/media\/2830"}],"wp:attachment":[{"href":"https:\/\/www.arkegypt.com\/fr\/wp-json\/wp\/v2\/media?parent=4916"}],"wp:term":[{"taxonomy":"product_cat","embeddable":true,"href":"https:\/\/www.arkegypt.com\/fr\/wp-json\/wp\/v2\/product_cat?post=4916"},{"taxonomy":"product_tag","embeddable":true,"href":"https:\/\/www.arkegypt.com\/fr\/wp-json\/wp\/v2\/product_tag?post=4916"}],"curies":[{"name":"wp","href":"https:\/\/api.w.org\/{rel}","templated":true}]}}