{"id":4920,"date":"2019-08-20T09:40:37","date_gmt":"2019-08-20T07:40:37","guid":{"rendered":"https:\/\/www.arkegypt.com\/?post_type=product&#038;p=4920"},"modified":"2022-07-06T12:55:21","modified_gmt":"2022-07-06T10:55:21","slug":"lit-de-marie-princesse-royale-lit-de-marie-princesse-heritage-royal-des-francais","status":"publish","type":"product","link":"https:\/\/www.arkegypt.com\/fr\/product\/lit-de-marie-princesse-royale-lit-de-marie-princesse-heritage-royal-des-francais\/","title":{"rendered":"(Lit de Marie princesse royale) Lit de Marie, Princesse H\u00e9ritage Royal des Fran\u00e7ais"},"content":{"rendered":"","protected":false},"excerpt":{"rendered":"<p>&#8211; Un lit antique pour la Princesse Mary, Princesse Royale, qui \u00e9tait Princesse d&rsquo;Uranie et comtesse de Nassau, \u00e9pouse par son mariage avec Guillaume II, Prince d&rsquo;Uranie, fille a\u00een\u00e9e de Charles Ier, roi d&rsquo;Angleterre.<\/p>\n<p>&#8211; Fabriqu\u00e9 par les artisans les plus qualifi\u00e9s de l&rsquo;industrie artisanale.<\/p>\n<p>\u2013 Ce produit est un design sp\u00e9cial inspir\u00e9 de l&rsquo;art fran\u00e7ais et de l&rsquo;antiquit\u00e9.<\/p>\n<p>\u2013 Ce produit est un design sp\u00e9cial inspir\u00e9 de l&rsquo;art fran\u00e7ais et de l&rsquo;Antiquit\u00e9 fabriqu\u00e9 par les fabricants les plus qualifi\u00e9s de meubles artisanaux classiques.<\/p>\n<p>&#8211; Structure en bois naturel avec l&rsquo;ajout de toutes les gravures sur bois et r\u00e9sine et recouverte d&rsquo;une couche de cuir naturel et de peintures respectueuses de l&rsquo;environnement.<\/p>\n<blockquote><p><strong><em>(Lit de Marie princesse royale) Lit de Marie, Princesse H\u00e9ritage Royal des Fran\u00e7ais<\/em><\/strong><\/p><\/blockquote>\n","protected":false},"featured_media":2833,"comment_status":"open","ping_status":"closed","template":"","meta":{"_mi_skip_tracking":false},"product_cat":[142],"product_tag":[],"class_list":["post-4920","product","type-product","status-publish","has-post-thumbnail","hentry","product_cat-lit"],"_links":{"self":[{"href":"https:\/\/www.arkegypt.com\/fr\/wp-json\/wp\/v2\/product\/4920","targetHints":{"allow":["GET"]}}],"collection":[{"href":"https:\/\/www.arkegypt.com\/fr\/wp-json\/wp\/v2\/product"}],"about":[{"href":"https:\/\/www.arkegypt.com\/fr\/wp-json\/wp\/v2\/types\/product"}],"replies":[{"embeddable":true,"href":"https:\/\/www.arkegypt.com\/fr\/wp-json\/wp\/v2\/comments?post=4920"}],"wp:featuredmedia":[{"embeddable":true,"href":"https:\/\/www.arkegypt.com\/fr\/wp-json\/wp\/v2\/media\/2833"}],"wp:attachment":[{"href":"https:\/\/www.arkegypt.com\/fr\/wp-json\/wp\/v2\/media?parent=4920"}],"wp:term":[{"taxonomy":"product_cat","embeddable":true,"href":"https:\/\/www.arkegypt.com\/fr\/wp-json\/wp\/v2\/product_cat?post=4920"},{"taxonomy":"product_tag","embeddable":true,"href":"https:\/\/www.arkegypt.com\/fr\/wp-json\/wp\/v2\/product_tag?post=4920"}],"curies":[{"name":"wp","href":"https:\/\/api.w.org\/{rel}","templated":true}]}}