{"id":4938,"date":"2019-06-16T12:50:17","date_gmt":"2019-06-16T10:50:17","guid":{"rendered":"https:\/\/www.arkegypt.com\/?post_type=product&#038;p=4938"},"modified":"2022-07-07T17:33:49","modified_gmt":"2022-07-07T15:33:49","slug":"buffet-francais-louis-xvi-ancien-buffet-francais-des-possessions-du-roi-louis-xvi","status":"publish","type":"product","link":"https:\/\/www.arkegypt.com\/fr\/product\/buffet-francais-louis-xvi-ancien-buffet-francais-des-possessions-du-roi-louis-xvi\/","title":{"rendered":"(Buffet fran\u00e7ais Louis XVI) Ancien buffet fran\u00e7ais des possessions du roi Louis XVI"},"content":{"rendered":"","protected":false},"excerpt":{"rendered":"<p>-Buffet luxueux des possessions du roi Louis XVI de France, et c&rsquo;est l&rsquo;une des antiquit\u00e9s les plus pr\u00e9cieuses.<\/p>\n<p>-Fabriqu\u00e9 par les artisans les plus qualifi\u00e9s de l&rsquo;industrie artisanale<\/p>\n<p>\u2013 Ce produit est un design sp\u00e9cial inspir\u00e9 de l&rsquo;art et de l&rsquo;antiquit\u00e9 fran\u00e7ais<\/p>\n<p>&#8211; Ce produit est un design sp\u00e9cial inspir\u00e9 de l&rsquo;art et de l&rsquo;antiquit\u00e9 chinois fabriqu\u00e9 par les fabricants les plus qualifi\u00e9s de meubles artisanaux classiques<\/p>\n<p>\u2013 Structure en bois naturel avec l&rsquo;ajout de tous les travaux de gravure sur bois et r\u00e9sine, Un cuivre luxueusement adapt\u00e9 a \u00e9t\u00e9 choisi et des peintures respectueuses de l&rsquo;environnement<\/p>\n<blockquote><p><em><strong>(Buffet fran\u00e7ais Louis XVI) Ancien buffet fran\u00e7ais des possessions du roi Louis XVI<\/strong><\/em><\/p><\/blockquote>\n","protected":false},"featured_media":2797,"comment_status":"open","ping_status":"closed","template":"","meta":{"_mi_skip_tracking":false},"product_cat":[143],"product_tag":[],"class_list":["post-4938","product","type-product","status-publish","has-post-thumbnail","hentry","product_cat-buffets"],"_links":{"self":[{"href":"https:\/\/www.arkegypt.com\/fr\/wp-json\/wp\/v2\/product\/4938","targetHints":{"allow":["GET"]}}],"collection":[{"href":"https:\/\/www.arkegypt.com\/fr\/wp-json\/wp\/v2\/product"}],"about":[{"href":"https:\/\/www.arkegypt.com\/fr\/wp-json\/wp\/v2\/types\/product"}],"replies":[{"embeddable":true,"href":"https:\/\/www.arkegypt.com\/fr\/wp-json\/wp\/v2\/comments?post=4938"}],"wp:featuredmedia":[{"embeddable":true,"href":"https:\/\/www.arkegypt.com\/fr\/wp-json\/wp\/v2\/media\/2797"}],"wp:attachment":[{"href":"https:\/\/www.arkegypt.com\/fr\/wp-json\/wp\/v2\/media?parent=4938"}],"wp:term":[{"taxonomy":"product_cat","embeddable":true,"href":"https:\/\/www.arkegypt.com\/fr\/wp-json\/wp\/v2\/product_cat?post=4938"},{"taxonomy":"product_tag","embeddable":true,"href":"https:\/\/www.arkegypt.com\/fr\/wp-json\/wp\/v2\/product_tag?post=4938"}],"curies":[{"name":"wp","href":"https:\/\/api.w.org\/{rel}","templated":true}]}}