{"id":4942,"date":"2019-06-17T08:10:18","date_gmt":"2019-06-17T06:10:18","guid":{"rendered":"https:\/\/www.arkegypt.com\/?post_type=product&#038;p=4942"},"modified":"2022-07-07T14:31:42","modified_gmt":"2022-07-07T12:31:42","slug":"elizabeth-charlotte-dorleans-buffet-buffet-ancien-datant-delizabeth-charlotte-dorleans-2","status":"publish","type":"product","link":"https:\/\/www.arkegypt.com\/fr\/product\/elizabeth-charlotte-dorleans-buffet-buffet-ancien-datant-delizabeth-charlotte-dorleans-2\/","title":{"rendered":"(Elizabeth Charlotte d&rsquo;Orleans Buffet) Buffet ancien datant d&rsquo;Elizabeth Charlotte d&rsquo;Orleans"},"content":{"rendered":"","protected":false},"excerpt":{"rendered":"<p>&#8211; Buffet luxueux et antique ayant appartenu \u00e0 Elisabeth Charlotte d&rsquo;Orl\u00e9ans, fille unique de Philippe Ier et plusieurs fois R\u00e9gente de Lorraine, \u00e9galement \u00e0 partir de 1737 elle devint Princesse de Commerce jusqu&rsquo;\u00e0 sa mort.<\/p>\n<p>-Fabriqu\u00e9 par les artisans les plus qualifi\u00e9s de l&rsquo;industrie artisanale<\/p>\n<p>\u2013 Ce produit est un design sp\u00e9cial inspir\u00e9 de l&rsquo;art et de l&rsquo;antiquit\u00e9 fran\u00e7ais<\/p>\n<p>&#8211; Ce produit est un design sp\u00e9cial inspir\u00e9 de l&rsquo;art et de l&rsquo;antiquit\u00e9 chinois fabriqu\u00e9 par les fabricants les plus qualifi\u00e9s de meubles artisanaux classiques<\/p>\n<p>\u2013 Structure en bois naturel avec l&rsquo;ajout de tous les travaux de gravure sur bois et r\u00e9sine, Un cuivre luxueusement adapt\u00e9 a \u00e9t\u00e9 choisi et des peintures respectueuses de l&rsquo;environnement<\/p>\n<blockquote><p><em><strong>(Elizabeth Charlotte d&rsquo;Orleans Buffet) Buffet ancien datant d&rsquo;Elizabeth Charlotte d&rsquo;Orleans<\/strong><\/em><\/p><\/blockquote>\n","protected":false},"featured_media":2806,"comment_status":"open","ping_status":"closed","template":"","meta":{"_mi_skip_tracking":false},"product_cat":[143],"product_tag":[],"class_list":["post-4942","product","type-product","status-publish","has-post-thumbnail","hentry","product_cat-buffets"],"_links":{"self":[{"href":"https:\/\/www.arkegypt.com\/fr\/wp-json\/wp\/v2\/product\/4942","targetHints":{"allow":["GET"]}}],"collection":[{"href":"https:\/\/www.arkegypt.com\/fr\/wp-json\/wp\/v2\/product"}],"about":[{"href":"https:\/\/www.arkegypt.com\/fr\/wp-json\/wp\/v2\/types\/product"}],"replies":[{"embeddable":true,"href":"https:\/\/www.arkegypt.com\/fr\/wp-json\/wp\/v2\/comments?post=4942"}],"wp:featuredmedia":[{"embeddable":true,"href":"https:\/\/www.arkegypt.com\/fr\/wp-json\/wp\/v2\/media\/2806"}],"wp:attachment":[{"href":"https:\/\/www.arkegypt.com\/fr\/wp-json\/wp\/v2\/media?parent=4942"}],"wp:term":[{"taxonomy":"product_cat","embeddable":true,"href":"https:\/\/www.arkegypt.com\/fr\/wp-json\/wp\/v2\/product_cat?post=4942"},{"taxonomy":"product_tag","embeddable":true,"href":"https:\/\/www.arkegypt.com\/fr\/wp-json\/wp\/v2\/product_tag?post=4942"}],"curies":[{"name":"wp","href":"https:\/\/api.w.org\/{rel}","templated":true}]}}