{"id":4949,"date":"2019-06-17T08:21:26","date_gmt":"2019-06-17T06:21:26","guid":{"rendered":"https:\/\/www.arkegypt.com\/?post_type=product&#038;p=4949"},"modified":"2022-07-06T17:26:03","modified_gmt":"2022-07-06T15:26:03","slug":"chaise-inspiree-de-la-civilisation-americaine-du-xviiie-siecle","status":"publish","type":"product","link":"https:\/\/www.arkegypt.com\/fr\/product\/chaise-inspiree-de-la-civilisation-americaine-du-xviiie-siecle\/","title":{"rendered":"Chaise inspir\u00e9e de la civilisation am\u00e9ricaine du XVIIIe si\u00e8cle"},"content":{"rendered":"","protected":false},"excerpt":{"rendered":"<p>&#8211; Chaise vintage inspir\u00e9e de la civilisation am\u00e9ricaine du XVIIIe si\u00e8cle avec une \u00e9ponge haute densit\u00e9 et un tissu de haute qualit\u00e9<\/p>\n<p>-Fabriqu\u00e9 par les artisans les plus qualifi\u00e9s de l&rsquo;industrie artisanale<\/p>\n<p>-Cet \u00e9l\u00e9ment est inspir\u00e9 des palais am\u00e9ricains et de l&rsquo;art classique am\u00e9ricain ancien<\/p>\n<p>\u2013 Ce produit est un design sp\u00e9cial inspir\u00e9 de l&rsquo;art et de l&rsquo;antiquit\u00e9 am\u00e9ricains<\/p>\n<p>\u2013 Structure en bois naturel avec l&rsquo;ajout de tous les travaux de gravure sur r\u00e9sine de bois et \u00e9ponge \u00e0 haute densit\u00e9 avec des morceaux de tissu appropri\u00e9s avec la possibilit\u00e9 de fabriquer le produit selon le d\u00e9sir du client et des peintures respectueuses de l&rsquo;environnement<\/p>\n<blockquote><p><em><strong>Chaise inspir\u00e9e de la civilisation am\u00e9ricaine du XVIIIe si\u00e8cle<\/strong><\/em><\/p><\/blockquote>\n","protected":false},"featured_media":2845,"comment_status":"open","ping_status":"closed","template":"","meta":{"_mi_skip_tracking":false},"product_cat":[144],"product_tag":[],"class_list":["post-4949","product","type-product","status-publish","has-post-thumbnail","hentry","product_cat-chaise"],"_links":{"self":[{"href":"https:\/\/www.arkegypt.com\/fr\/wp-json\/wp\/v2\/product\/4949","targetHints":{"allow":["GET"]}}],"collection":[{"href":"https:\/\/www.arkegypt.com\/fr\/wp-json\/wp\/v2\/product"}],"about":[{"href":"https:\/\/www.arkegypt.com\/fr\/wp-json\/wp\/v2\/types\/product"}],"replies":[{"embeddable":true,"href":"https:\/\/www.arkegypt.com\/fr\/wp-json\/wp\/v2\/comments?post=4949"}],"wp:featuredmedia":[{"embeddable":true,"href":"https:\/\/www.arkegypt.com\/fr\/wp-json\/wp\/v2\/media\/2845"}],"wp:attachment":[{"href":"https:\/\/www.arkegypt.com\/fr\/wp-json\/wp\/v2\/media?parent=4949"}],"wp:term":[{"taxonomy":"product_cat","embeddable":true,"href":"https:\/\/www.arkegypt.com\/fr\/wp-json\/wp\/v2\/product_cat?post=4949"},{"taxonomy":"product_tag","embeddable":true,"href":"https:\/\/www.arkegypt.com\/fr\/wp-json\/wp\/v2\/product_tag?post=4949"}],"curies":[{"name":"wp","href":"https:\/\/api.w.org\/{rel}","templated":true}]}}