{"id":5020,"date":"2022-04-04T14:11:51","date_gmt":"2022-04-04T12:11:51","guid":{"rendered":"https:\/\/www.arkegypt.com\/?post_type=product&#038;p=5020"},"modified":"2022-07-05T10:50:05","modified_gmt":"2022-07-05T08:50:05","slug":"table-en-cristal-francais-table-luxueuse-en-bois-avec-verre-massif-60-x-61","status":"publish","type":"product","link":"https:\/\/www.arkegypt.com\/fr\/product\/table-en-cristal-francais-table-luxueuse-en-bois-avec-verre-massif-60-x-61\/","title":{"rendered":"(Table en cristal fran\u00e7ais) Table luxueuse en bois avec verre massif 60 x 61"},"content":{"rendered":"","protected":false},"excerpt":{"rendered":"<p>\u2013Une table en bois de notre industrie, inspir\u00e9e de la civilisation fran\u00e7aise, avec une forme luxueuse qui vous semble comme si vous regardiez une table avec des cristaux luxueux avec du verre solide et solide<\/p>\n<p>-Fabriqu\u00e9 par les artisans les plus qualifi\u00e9s de l&rsquo;industrie artisanale<\/p>\n<p>\u2013 Ce produit est un design sp\u00e9cial inspir\u00e9 de l&rsquo;art et de l&rsquo;antiquit\u00e9 fran\u00e7ais<\/p>\n<p>&#8211; Ce produit est un design sp\u00e9cial inspir\u00e9 de l&rsquo;art et de l&rsquo;antiquit\u00e9 fran\u00e7ais fabriqu\u00e9 par les fabricants les plus qualifi\u00e9s de meubles artisanaux classiques<\/p>\n<p>\u2013 Taille 60 x 61, structure en bois naturel avec l&rsquo;ajout de tous les travaux de gravure sur bois, r\u00e9sine et verre de la meilleure qualit\u00e9 de verre et de peintures respectueuses de l&rsquo;environnement<\/p>\n<blockquote><p><em><strong>(Table en cristal fran\u00e7ais) Table luxueuse en bois avec verre massif<\/strong><\/em><\/p><\/blockquote>\n","protected":false},"featured_media":5017,"comment_status":"open","ping_status":"closed","template":"","meta":{"_mi_skip_tracking":false},"product_cat":[151],"product_tag":[],"class_list":["post-5020","product","type-product","status-publish","has-post-thumbnail","hentry","product_cat-table-fr"],"_links":{"self":[{"href":"https:\/\/www.arkegypt.com\/fr\/wp-json\/wp\/v2\/product\/5020","targetHints":{"allow":["GET"]}}],"collection":[{"href":"https:\/\/www.arkegypt.com\/fr\/wp-json\/wp\/v2\/product"}],"about":[{"href":"https:\/\/www.arkegypt.com\/fr\/wp-json\/wp\/v2\/types\/product"}],"replies":[{"embeddable":true,"href":"https:\/\/www.arkegypt.com\/fr\/wp-json\/wp\/v2\/comments?post=5020"}],"wp:featuredmedia":[{"embeddable":true,"href":"https:\/\/www.arkegypt.com\/fr\/wp-json\/wp\/v2\/media\/5017"}],"wp:attachment":[{"href":"https:\/\/www.arkegypt.com\/fr\/wp-json\/wp\/v2\/media?parent=5020"}],"wp:term":[{"taxonomy":"product_cat","embeddable":true,"href":"https:\/\/www.arkegypt.com\/fr\/wp-json\/wp\/v2\/product_cat?post=5020"},{"taxonomy":"product_tag","embeddable":true,"href":"https:\/\/www.arkegypt.com\/fr\/wp-json\/wp\/v2\/product_tag?post=5020"}],"curies":[{"name":"wp","href":"https:\/\/api.w.org\/{rel}","templated":true}]}}