{"id":5062,"date":"2022-04-03T16:49:19","date_gmt":"2022-04-03T14:49:19","guid":{"rendered":"https:\/\/www.arkegypt.com\/?post_type=product&#038;p=5062"},"modified":"2022-07-05T11:45:15","modified_gmt":"2022-07-05T09:45:15","slug":"assiette-de-vase-a-fleurs-peinture-a-lhuile-luxueuse-avec-peinture-a-lhuile-joyeuse-50-x-40","status":"publish","type":"product","link":"https:\/\/www.arkegypt.com\/fr\/product\/assiette-de-vase-a-fleurs-peinture-a-lhuile-luxueuse-avec-peinture-a-lhuile-joyeuse-50-x-40\/","title":{"rendered":"(assiette de vase \u00e0 fleurs) Peinture \u00e0 l&rsquo;huile luxueuse avec peinture \u00e0 l&rsquo;huile joyeuse 50 x 40"},"content":{"rendered":"","protected":false},"excerpt":{"rendered":"<p>-D\u00e9licieuse peinture \u00e0 l&rsquo;huile d&rsquo;un pot de fleurs fran\u00e7ais de nos dessins inspir\u00e9s de la civilisation fran\u00e7aise<\/p>\n<p>-Fabriqu\u00e9 par les artisans les plus qualifi\u00e9s de l&rsquo;industrie artisanale<\/p>\n<p>\u2013 Cet \u00e9l\u00e9ment est inspir\u00e9 des palais fran\u00e7ais et de l&rsquo;ancien art fran\u00e7ais classique<\/p>\n<p>\u2013 Ce produit est un design sp\u00e9cial inspir\u00e9 de l&rsquo;art et de l&rsquo;antiquit\u00e9 fran\u00e7ais<\/p>\n<p>Un miroir gai et \u00e9l\u00e9gant donne l&rsquo;impression d&rsquo;\u00eatre dans un ch\u00e2teau fran\u00e7ais du XVIIIe si\u00e8cle<\/p>\n<p>\u2013 Format 50 x 40, structure en bois naturel, avec en plus tous les travaux de gravure sur bois, mati\u00e8re en r\u00e9sine, et peinture \u00e0 l&rsquo;huile avec de belles couleurs naturelles et des peintures respectueuses de l&rsquo;environnement<\/p>\n<blockquote><p><em><strong>(assiette de vase \u00e0 fleurs) Peinture \u00e0 l&rsquo;huile luxueuse avec peinture \u00e0 l&rsquo;huile joyeuse<\/strong><\/em><\/p><\/blockquote>\n","protected":false},"featured_media":5059,"comment_status":"open","ping_status":"closed","template":"","meta":{"_mi_skip_tracking":false},"product_cat":[146],"product_tag":[],"class_list":["post-5062","product","type-product","status-publish","has-post-thumbnail","hentry","product_cat-peinte-a-la-main"],"_links":{"self":[{"href":"https:\/\/www.arkegypt.com\/fr\/wp-json\/wp\/v2\/product\/5062","targetHints":{"allow":["GET"]}}],"collection":[{"href":"https:\/\/www.arkegypt.com\/fr\/wp-json\/wp\/v2\/product"}],"about":[{"href":"https:\/\/www.arkegypt.com\/fr\/wp-json\/wp\/v2\/types\/product"}],"replies":[{"embeddable":true,"href":"https:\/\/www.arkegypt.com\/fr\/wp-json\/wp\/v2\/comments?post=5062"}],"wp:featuredmedia":[{"embeddable":true,"href":"https:\/\/www.arkegypt.com\/fr\/wp-json\/wp\/v2\/media\/5059"}],"wp:attachment":[{"href":"https:\/\/www.arkegypt.com\/fr\/wp-json\/wp\/v2\/media?parent=5062"}],"wp:term":[{"taxonomy":"product_cat","embeddable":true,"href":"https:\/\/www.arkegypt.com\/fr\/wp-json\/wp\/v2\/product_cat?post=5062"},{"taxonomy":"product_tag","embeddable":true,"href":"https:\/\/www.arkegypt.com\/fr\/wp-json\/wp\/v2\/product_tag?post=5062"}],"curies":[{"name":"wp","href":"https:\/\/api.w.org\/{rel}","templated":true}]}}