{"id":5123,"date":"2022-03-31T16:48:25","date_gmt":"2022-03-31T14:48:25","guid":{"rendered":"https:\/\/www.arkegypt.com\/?post_type=product&#038;p=5123"},"modified":"2022-07-05T12:49:00","modified_gmt":"2022-07-05T10:49:00","slug":"verts-clairs-miroir-rectangulaire-de-couleur-unique-165-x-47","status":"publish","type":"product","link":"https:\/\/www.arkegypt.com\/fr\/product\/verts-clairs-miroir-rectangulaire-de-couleur-unique-165-x-47\/","title":{"rendered":"(verts clairs) Miroir rectangulaire de couleur unique 165 X 47"},"content":{"rendered":"","protected":false},"excerpt":{"rendered":"<p>-Miroir rectangulaire avec une couleur unique et une forme funky<\/p>\n<p>-Fabriqu\u00e9 par les artisans les plus qualifi\u00e9s de l&rsquo;industrie artisanale<\/p>\n<p>-Cet \u00e9l\u00e9ment est inspir\u00e9 des palais fran\u00e7ais et de l&rsquo;art classique fran\u00e7ais ancien<\/p>\n<p>\u2013 Ce produit est un design sp\u00e9cial inspir\u00e9 de l&rsquo;art et de l&rsquo;antiquit\u00e9 fran\u00e7ais<\/p>\n<p>\u2013 Un miroir gai et \u00e9l\u00e9gant qui donne l&rsquo;impression d&rsquo;\u00eatre dans un palais fran\u00e7ais du XVIIIe si\u00e8cle<\/p>\n<p>-taille 165 x 40 Structure en bois naturel avec l&rsquo;ajout de tout le travail de gravure sur le mat\u00e9riau bois r\u00e9sine et miroir 4 mm Un des plus beaux types de miroirs avec des peintures de haute qualit\u00e9 et respectueuses de l&rsquo;environnement<\/p>\n<blockquote><p><em><strong>(verts clairs) Miroir rectangulaire de couleur unique<\/strong><\/em><\/p><\/blockquote>\n","protected":false},"featured_media":5120,"comment_status":"open","ping_status":"closed","template":"","meta":{"_mi_skip_tracking":false},"product_cat":[147],"product_tag":[],"class_list":["post-5123","product","type-product","status-publish","has-post-thumbnail","hentry","product_cat-miroiter"],"_links":{"self":[{"href":"https:\/\/www.arkegypt.com\/fr\/wp-json\/wp\/v2\/product\/5123","targetHints":{"allow":["GET"]}}],"collection":[{"href":"https:\/\/www.arkegypt.com\/fr\/wp-json\/wp\/v2\/product"}],"about":[{"href":"https:\/\/www.arkegypt.com\/fr\/wp-json\/wp\/v2\/types\/product"}],"replies":[{"embeddable":true,"href":"https:\/\/www.arkegypt.com\/fr\/wp-json\/wp\/v2\/comments?post=5123"}],"wp:featuredmedia":[{"embeddable":true,"href":"https:\/\/www.arkegypt.com\/fr\/wp-json\/wp\/v2\/media\/5120"}],"wp:attachment":[{"href":"https:\/\/www.arkegypt.com\/fr\/wp-json\/wp\/v2\/media?parent=5123"}],"wp:term":[{"taxonomy":"product_cat","embeddable":true,"href":"https:\/\/www.arkegypt.com\/fr\/wp-json\/wp\/v2\/product_cat?post=5123"},{"taxonomy":"product_tag","embeddable":true,"href":"https:\/\/www.arkegypt.com\/fr\/wp-json\/wp\/v2\/product_tag?post=5123"}],"curies":[{"name":"wp","href":"https:\/\/api.w.org\/{rel}","templated":true}]}}