{"id":5132,"date":"2022-03-31T16:46:23","date_gmt":"2022-03-31T14:46:23","guid":{"rendered":"https:\/\/www.arkegypt.com\/?post_type=product&#038;p=5132"},"modified":"2022-07-05T14:56:39","modified_gmt":"2022-07-05T12:56:39","slug":"le-miroir-de-lage-dor-luxueux-miroir-de-forme-ovale-dore-88-x-100","status":"publish","type":"product","link":"https:\/\/www.arkegypt.com\/fr\/product\/le-miroir-de-lage-dor-luxueux-miroir-de-forme-ovale-dore-88-x-100\/","title":{"rendered":"(Le miroir de l&rsquo;\u00e2ge d&rsquo;or) Luxueux miroir de forme ovale dor\u00e9 88 X 100"},"content":{"rendered":"","protected":false},"excerpt":{"rendered":"<p>-Miroir rectangulaire de forme luxueuse et unique, comme s&rsquo;il venait d&rsquo;un \u00e2ge d&rsquo;or<\/p>\n<p>-Fabriqu\u00e9 par les artisans les plus qualifi\u00e9s de l&rsquo;industrie artisanale<\/p>\n<p>-Cet \u00e9l\u00e9ment est inspir\u00e9 des palais fran\u00e7ais et de l&rsquo;art classique fran\u00e7ais ancien<\/p>\n<p>\u2013 Ce produit est un design sp\u00e9cial inspir\u00e9 de l&rsquo;art et de l&rsquo;antiquit\u00e9 fran\u00e7ais<\/p>\n<p>\u2013 Un miroir gai et \u00e9l\u00e9gant qui donne l&rsquo;impression d&rsquo;\u00eatre dans un palais fran\u00e7ais du XVIIIe si\u00e8cle<\/p>\n<p>-taille 88 x 100 Structure en bois naturel avec l&rsquo;ajout de tout le travail de gravure sur le mat\u00e9riau bois r\u00e9sine et miroir 4 mm Un des plus beaux types de miroirs avec des peintures de haute qualit\u00e9 et respectueuses de l&rsquo;environnement<\/p>\n<blockquote><p><strong><em>(Le miroir de l&rsquo;\u00e2ge d&rsquo;or) Luxueux miroir de forme ovale dor\u00e9<\/em><\/strong><\/p><\/blockquote>\n","protected":false},"featured_media":5142,"comment_status":"open","ping_status":"closed","template":"","meta":{"_mi_skip_tracking":false},"product_cat":[147],"product_tag":[],"class_list":["post-5132","product","type-product","status-publish","has-post-thumbnail","hentry","product_cat-miroiter"],"_links":{"self":[{"href":"https:\/\/www.arkegypt.com\/fr\/wp-json\/wp\/v2\/product\/5132","targetHints":{"allow":["GET"]}}],"collection":[{"href":"https:\/\/www.arkegypt.com\/fr\/wp-json\/wp\/v2\/product"}],"about":[{"href":"https:\/\/www.arkegypt.com\/fr\/wp-json\/wp\/v2\/types\/product"}],"replies":[{"embeddable":true,"href":"https:\/\/www.arkegypt.com\/fr\/wp-json\/wp\/v2\/comments?post=5132"}],"wp:featuredmedia":[{"embeddable":true,"href":"https:\/\/www.arkegypt.com\/fr\/wp-json\/wp\/v2\/media\/5142"}],"wp:attachment":[{"href":"https:\/\/www.arkegypt.com\/fr\/wp-json\/wp\/v2\/media?parent=5132"}],"wp:term":[{"taxonomy":"product_cat","embeddable":true,"href":"https:\/\/www.arkegypt.com\/fr\/wp-json\/wp\/v2\/product_cat?post=5132"},{"taxonomy":"product_tag","embeddable":true,"href":"https:\/\/www.arkegypt.com\/fr\/wp-json\/wp\/v2\/product_tag?post=5132"}],"curies":[{"name":"wp","href":"https:\/\/api.w.org\/{rel}","templated":true}]}}