{"id":5154,"date":"2022-03-31T16:08:23","date_gmt":"2022-03-31T14:08:23","guid":{"rendered":"https:\/\/www.arkegypt.com\/?post_type=product&#038;p=5154"},"modified":"2022-07-05T15:07:36","modified_gmt":"2022-07-05T13:07:36","slug":"mais-dore-miroir-dore-avec-sculpture-luxueuse-sur-le-dessus-175-x-120","status":"publish","type":"product","link":"https:\/\/www.arkegypt.com\/fr\/product\/mais-dore-miroir-dore-avec-sculpture-luxueuse-sur-le-dessus-175-x-120\/","title":{"rendered":"(ma\u00efs dor\u00e9) Miroir dor\u00e9 avec sculpture luxueuse sur le dessus 175 x 120"},"content":{"rendered":"","protected":false},"excerpt":{"rendered":"<p>\u2013 A mirror with a carved-on top of a shiny golden corn of a luxurious shape<\/p>\n<p>-Manufactured by the most skilled craftsmen in the handmade industry<\/p>\n<p>-This element is inspired by French palaces and classic old French art<\/p>\n<p>\u2013 This product is a special design inspired by French art and antiquity<\/p>\n<p>\u2013 A cheerful and elegant mirror that gives the feeling of being in a French palace from the eighteenth century<\/p>\n<p>-size 175 x 120 Natural wooden structure with the addition of all the engraving work on the wood material resin and mirror 4 mm One of the finest types of mirrors with high quality and environmentally friendly paints<\/p>\n<blockquote><p><strong><em>(ma\u00efs dor\u00e9) Miroir dor\u00e9 avec sculpture luxueuse sur le dessu<\/em><\/strong><\/p><\/blockquote>\n","protected":false},"featured_media":5151,"comment_status":"open","ping_status":"closed","template":"","meta":{"_mi_skip_tracking":false},"product_cat":[147],"product_tag":[],"class_list":["post-5154","product","type-product","status-publish","has-post-thumbnail","hentry","product_cat-miroiter"],"_links":{"self":[{"href":"https:\/\/www.arkegypt.com\/fr\/wp-json\/wp\/v2\/product\/5154","targetHints":{"allow":["GET"]}}],"collection":[{"href":"https:\/\/www.arkegypt.com\/fr\/wp-json\/wp\/v2\/product"}],"about":[{"href":"https:\/\/www.arkegypt.com\/fr\/wp-json\/wp\/v2\/types\/product"}],"replies":[{"embeddable":true,"href":"https:\/\/www.arkegypt.com\/fr\/wp-json\/wp\/v2\/comments?post=5154"}],"wp:featuredmedia":[{"embeddable":true,"href":"https:\/\/www.arkegypt.com\/fr\/wp-json\/wp\/v2\/media\/5151"}],"wp:attachment":[{"href":"https:\/\/www.arkegypt.com\/fr\/wp-json\/wp\/v2\/media?parent=5154"}],"wp:term":[{"taxonomy":"product_cat","embeddable":true,"href":"https:\/\/www.arkegypt.com\/fr\/wp-json\/wp\/v2\/product_cat?post=5154"},{"taxonomy":"product_tag","embeddable":true,"href":"https:\/\/www.arkegypt.com\/fr\/wp-json\/wp\/v2\/product_tag?post=5154"}],"curies":[{"name":"wp","href":"https:\/\/api.w.org\/{rel}","templated":true}]}}