{"id":5162,"date":"2022-03-31T16:03:42","date_gmt":"2022-03-31T14:03:42","guid":{"rendered":"https:\/\/www.arkegypt.com\/?post_type=product&#038;p=5162"},"modified":"2022-07-05T15:17:13","modified_gmt":"2022-07-05T13:17:13","slug":"coiffe-doree-miroir-rectangulaire-de-forme-unique-et-couleur-or-brillant-170-x-75","status":"publish","type":"product","link":"https:\/\/www.arkegypt.com\/fr\/product\/coiffe-doree-miroir-rectangulaire-de-forme-unique-et-couleur-or-brillant-170-x-75\/","title":{"rendered":"(coiffe dor\u00e9e) Miroir rectangulaire de forme unique et couleur or brillant 170 x 75"},"content":{"rendered":"","protected":false},"excerpt":{"rendered":"<p>-Un miroir dor\u00e9 avec une forme et un design uniques et des anneaux dor\u00e9s sur le dessus comme des bobines de cheveux dor\u00e9s<\/p>\n<p>-Fabriqu\u00e9 par les artisans les plus qualifi\u00e9s de l&rsquo;industrie artisanale<\/p>\n<p>-Cet \u00e9l\u00e9ment est inspir\u00e9 des palais fran\u00e7ais et de l&rsquo;art classique fran\u00e7ais ancien<\/p>\n<p>\u2013 Ce produit est un design sp\u00e9cial inspir\u00e9 de l&rsquo;art et de l&rsquo;antiquit\u00e9 fran\u00e7ais<\/p>\n<p>\u2013 Un miroir gai et \u00e9l\u00e9gant qui donne l&rsquo;impression d&rsquo;\u00eatre dans un palais fran\u00e7ais du XVIIIe si\u00e8cle<\/p>\n<p>-taille 170 x 75 Structure en bois naturel avec l&rsquo;ajout de tout le travail de gravure sur le mat\u00e9riau bois r\u00e9sine et miroir 4 mm Un des plus beaux types de miroirs avec des peintures de haute qualit\u00e9 et respectueuses de l&rsquo;environnement<\/p>\n<blockquote><p><em><strong>(coiffe dor\u00e9e) Miroir rectangulaire de forme unique et couleur or brillant<\/strong><\/em><\/p><\/blockquote>\n","protected":false},"featured_media":5159,"comment_status":"open","ping_status":"closed","template":"","meta":{"_mi_skip_tracking":false},"product_cat":[147],"product_tag":[],"class_list":["post-5162","product","type-product","status-publish","has-post-thumbnail","hentry","product_cat-miroiter"],"_links":{"self":[{"href":"https:\/\/www.arkegypt.com\/fr\/wp-json\/wp\/v2\/product\/5162","targetHints":{"allow":["GET"]}}],"collection":[{"href":"https:\/\/www.arkegypt.com\/fr\/wp-json\/wp\/v2\/product"}],"about":[{"href":"https:\/\/www.arkegypt.com\/fr\/wp-json\/wp\/v2\/types\/product"}],"replies":[{"embeddable":true,"href":"https:\/\/www.arkegypt.com\/fr\/wp-json\/wp\/v2\/comments?post=5162"}],"wp:featuredmedia":[{"embeddable":true,"href":"https:\/\/www.arkegypt.com\/fr\/wp-json\/wp\/v2\/media\/5159"}],"wp:attachment":[{"href":"https:\/\/www.arkegypt.com\/fr\/wp-json\/wp\/v2\/media?parent=5162"}],"wp:term":[{"taxonomy":"product_cat","embeddable":true,"href":"https:\/\/www.arkegypt.com\/fr\/wp-json\/wp\/v2\/product_cat?post=5162"},{"taxonomy":"product_tag","embeddable":true,"href":"https:\/\/www.arkegypt.com\/fr\/wp-json\/wp\/v2\/product_tag?post=5162"}],"curies":[{"name":"wp","href":"https:\/\/api.w.org\/{rel}","templated":true}]}}