{"id":5170,"date":"2022-03-31T15:48:29","date_gmt":"2022-03-31T13:48:29","guid":{"rendered":"https:\/\/www.arkegypt.com\/?post_type=product&#038;p=5170"},"modified":"2022-07-05T16:00:43","modified_gmt":"2022-07-05T14:00:43","slug":"fleurs-suspendues-un-miroir-inspire-des-palais-francais-du-xive-siecle-205-x-110","status":"publish","type":"product","link":"https:\/\/www.arkegypt.com\/fr\/product\/fleurs-suspendues-un-miroir-inspire-des-palais-francais-du-xive-siecle-205-x-110\/","title":{"rendered":"(fleurs suspendues) Un miroir inspir\u00e9 des palais fran\u00e7ais du XIVe si\u00e8cle 205 x 110"},"content":{"rendered":"","protected":false},"excerpt":{"rendered":"<p>\u2013 Cet \u00e9l\u00e9ment est inspir\u00e9 des palais fran\u00e7ais et de l&rsquo;art classique fran\u00e7ais ancien<\/p>\n<p>-Fabriqu\u00e9 par les artisans les plus qualifi\u00e9s de l&rsquo;industrie artisanale<\/p>\n<p>&#8211; Ce produit est un design sp\u00e9cial inspir\u00e9 de l&rsquo;art et de l&rsquo;antiquit\u00e9 fran\u00e7ais fabriqu\u00e9 par les fabricants les plus qualifi\u00e9s de meubles artisanaux classiques<\/p>\n<p>\u2014 format 205 x 110 Structure en bois naturel avec l&rsquo;ajout de tout le travail de gravure sur le mat\u00e9riau bois r\u00e9sine et miroir 4 mm Un des plus beaux types de miroirs avec des peintures de haute qualit\u00e9 et respectueuses de l&rsquo;environnement<\/p>\n<blockquote><p><em><strong>(fleurs suspendues) Un miroir inspir\u00e9 des palais fran\u00e7ais du XIVe si\u00e8cle<\/strong><\/em><\/p><\/blockquote>\n","protected":false},"featured_media":5167,"comment_status":"open","ping_status":"closed","template":"","meta":{"_mi_skip_tracking":false},"product_cat":[147],"product_tag":[],"class_list":["post-5170","product","type-product","status-publish","has-post-thumbnail","hentry","product_cat-miroiter"],"_links":{"self":[{"href":"https:\/\/www.arkegypt.com\/fr\/wp-json\/wp\/v2\/product\/5170","targetHints":{"allow":["GET"]}}],"collection":[{"href":"https:\/\/www.arkegypt.com\/fr\/wp-json\/wp\/v2\/product"}],"about":[{"href":"https:\/\/www.arkegypt.com\/fr\/wp-json\/wp\/v2\/types\/product"}],"replies":[{"embeddable":true,"href":"https:\/\/www.arkegypt.com\/fr\/wp-json\/wp\/v2\/comments?post=5170"}],"wp:featuredmedia":[{"embeddable":true,"href":"https:\/\/www.arkegypt.com\/fr\/wp-json\/wp\/v2\/media\/5167"}],"wp:attachment":[{"href":"https:\/\/www.arkegypt.com\/fr\/wp-json\/wp\/v2\/media?parent=5170"}],"wp:term":[{"taxonomy":"product_cat","embeddable":true,"href":"https:\/\/www.arkegypt.com\/fr\/wp-json\/wp\/v2\/product_cat?post=5170"},{"taxonomy":"product_tag","embeddable":true,"href":"https:\/\/www.arkegypt.com\/fr\/wp-json\/wp\/v2\/product_tag?post=5170"}],"curies":[{"name":"wp","href":"https:\/\/api.w.org\/{rel}","templated":true}]}}