{"id":5196,"date":"2022-03-31T15:38:33","date_gmt":"2022-03-31T13:38:33","guid":{"rendered":"https:\/\/www.arkegypt.com\/?post_type=product&#038;p=5196"},"modified":"2022-07-05T17:44:25","modified_gmt":"2022-07-05T15:44:25","slug":"miroir-a-motif-maria-grand-casa-padrino-miroir-baroque-or-motif-maria-mobilier-de-style-baroque-antique","status":"publish","type":"product","link":"https:\/\/www.arkegypt.com\/fr\/product\/miroir-a-motif-maria-grand-casa-padrino-miroir-baroque-or-motif-maria-mobilier-de-style-baroque-antique\/","title":{"rendered":"(Miroir \u00e0 motif Maria) Grand Casa Padrino Miroir baroque Or Motif Maria \u2013 Mobilier de style baroque antique 210 x 110"},"content":{"rendered":"","protected":false},"excerpt":{"rendered":"<p>-Cet article est une r\u00e9plique de style antique authentiquement fabriqu\u00e9e \u00e0 la main. Les \u00e9carts de couleur, les petites fissures, les \u00e9caillages, les traces d&rsquo;antiquit\u00e9, les bosses et autres caract\u00e9ristiques de style antique font partie de l&rsquo;article et rendent chaque meuble unique.<\/p>\n<p>-Casa Padrino est un producteur et distributeur de meubles et de meubles baroques de renomm\u00e9e europ\u00e9enne<br \/>\nune marque d\u00e9pos\u00e9e de l&rsquo;Office allemand des brevets et des marques.<\/p>\n<p>-Fabriqu\u00e9 par les artisans les plus qualifi\u00e9s de l&rsquo;industrie artisanale<\/p>\n<p>\u2013 taille 210 x 110 Structure en bois naturel avec l&rsquo;ajout de tout le travail de gravure sur le mat\u00e9riau bois r\u00e9sine et miroir 4 mm Un des plus beaux types de miroirs avec des peintures de haute qualit\u00e9 et respectueuses de l&rsquo;environnement<\/p>\n<blockquote><p><strong><em>(Miroir \u00e0 motif Maria) Grand Casa Padrino Miroir baroque Or Motif Maria \u2013 Mobilier de style baroque antique<\/em><\/strong><\/p><\/blockquote>\n","protected":false},"featured_media":5193,"comment_status":"open","ping_status":"closed","template":"","meta":{"_mi_skip_tracking":false},"product_cat":[147],"product_tag":[],"class_list":["post-5196","product","type-product","status-publish","has-post-thumbnail","hentry","product_cat-miroiter"],"_links":{"self":[{"href":"https:\/\/www.arkegypt.com\/fr\/wp-json\/wp\/v2\/product\/5196","targetHints":{"allow":["GET"]}}],"collection":[{"href":"https:\/\/www.arkegypt.com\/fr\/wp-json\/wp\/v2\/product"}],"about":[{"href":"https:\/\/www.arkegypt.com\/fr\/wp-json\/wp\/v2\/types\/product"}],"replies":[{"embeddable":true,"href":"https:\/\/www.arkegypt.com\/fr\/wp-json\/wp\/v2\/comments?post=5196"}],"wp:featuredmedia":[{"embeddable":true,"href":"https:\/\/www.arkegypt.com\/fr\/wp-json\/wp\/v2\/media\/5193"}],"wp:attachment":[{"href":"https:\/\/www.arkegypt.com\/fr\/wp-json\/wp\/v2\/media?parent=5196"}],"wp:term":[{"taxonomy":"product_cat","embeddable":true,"href":"https:\/\/www.arkegypt.com\/fr\/wp-json\/wp\/v2\/product_cat?post=5196"},{"taxonomy":"product_tag","embeddable":true,"href":"https:\/\/www.arkegypt.com\/fr\/wp-json\/wp\/v2\/product_tag?post=5196"}],"curies":[{"name":"wp","href":"https:\/\/api.w.org\/{rel}","templated":true}]}}