{"id":5206,"date":"2019-08-20T09:46:03","date_gmt":"2019-08-20T07:46:03","guid":{"rendered":"https:\/\/www.arkegypt.com\/?post_type=product&#038;p=5206"},"modified":"2022-07-06T12:22:30","modified_gmt":"2022-07-06T10:22:30","slug":"secretaire-de-la-civilisation-francaise-2","status":"publish","type":"product","link":"https:\/\/www.arkegypt.com\/fr\/product\/secretaire-de-la-civilisation-francaise-2\/","title":{"rendered":"Secr\u00e9taire de la Civilisation fran\u00e7aise"},"content":{"rendered":"","protected":false},"excerpt":{"rendered":"<p>\u2013 Secr\u00e9taire d&rsquo;inspiration fran\u00e7aise en laiton dor\u00e9<\/p>\n<p>-Fabriqu\u00e9 par les artisans les plus qualifi\u00e9s de l&rsquo;industrie artisanale<\/p>\n<p>-Cet \u00e9l\u00e9ment est inspir\u00e9 des palais fran\u00e7ais et de l&rsquo;art classique fran\u00e7ais ancien<\/p>\n<p>-Ce produit est un design sp\u00e9cial inspir\u00e9 de l&rsquo;art et de l&rsquo;antiquit\u00e9 fran\u00e7ais<\/p>\n<p>\u2013 Structure en bois naturel avec en plus tout le travail de gravure sur la mati\u00e8re bois r\u00e9sine et peintures \u00e9cologiques<\/p>\n<blockquote><p><strong><em>Secr\u00e9taire de la Civilisation fran\u00e7aise<\/em><\/strong><\/p><\/blockquote>\n","protected":false},"featured_media":3085,"comment_status":"open","ping_status":"closed","template":"","meta":{"_mi_skip_tracking":false},"product_cat":[150],"product_tag":[],"class_list":["post-5206","product","type-product","status-publish","has-post-thumbnail","hentry","product_cat-secretaire"],"_links":{"self":[{"href":"https:\/\/www.arkegypt.com\/fr\/wp-json\/wp\/v2\/product\/5206","targetHints":{"allow":["GET"]}}],"collection":[{"href":"https:\/\/www.arkegypt.com\/fr\/wp-json\/wp\/v2\/product"}],"about":[{"href":"https:\/\/www.arkegypt.com\/fr\/wp-json\/wp\/v2\/types\/product"}],"replies":[{"embeddable":true,"href":"https:\/\/www.arkegypt.com\/fr\/wp-json\/wp\/v2\/comments?post=5206"}],"wp:featuredmedia":[{"embeddable":true,"href":"https:\/\/www.arkegypt.com\/fr\/wp-json\/wp\/v2\/media\/3085"}],"wp:attachment":[{"href":"https:\/\/www.arkegypt.com\/fr\/wp-json\/wp\/v2\/media?parent=5206"}],"wp:term":[{"taxonomy":"product_cat","embeddable":true,"href":"https:\/\/www.arkegypt.com\/fr\/wp-json\/wp\/v2\/product_cat?post=5206"},{"taxonomy":"product_tag","embeddable":true,"href":"https:\/\/www.arkegypt.com\/fr\/wp-json\/wp\/v2\/product_tag?post=5206"}],"curies":[{"name":"wp","href":"https:\/\/api.w.org\/{rel}","templated":true}]}}