{"id":5214,"date":"2019-08-20T09:43:03","date_gmt":"2019-08-20T07:43:03","guid":{"rendered":"https:\/\/www.arkegypt.com\/?post_type=product&#038;p=5214"},"modified":"2022-07-06T12:36:52","modified_gmt":"2022-07-06T10:36:52","slug":"secretaire-en-forme-de-tonneau-2","status":"publish","type":"product","link":"https:\/\/www.arkegypt.com\/fr\/product\/secretaire-en-forme-de-tonneau-2\/","title":{"rendered":"Secr\u00e9taire en forme de tonneau"},"content":{"rendered":"","protected":false},"excerpt":{"rendered":"<p>\u2013 Un secr\u00e9taire en forme de tonneau de vin issu du patrimoine italien \u00e0 l&rsquo;\u00e9poque de L\u00e9onard de Vinci et de son \u00e9cole dans l&rsquo;enseignement aux artistes du dessin manuel ancien avec en plus des m\u00e9thodes d&rsquo;ouverture par t\u00e9l\u00e9phone ou tactile<\/p>\n<p>Fabriqu\u00e9 par les artisans les plus qualifi\u00e9s<\/p>\n<p>\u2013 Cet article est inspir\u00e9 des palais italiens et de l&rsquo;art classique italien ancien<\/p>\n<p>\u2013 Structure en bois naturel avec l&rsquo;ajout de tous les travaux de gravure sur bois, r\u00e9sine, peintures \u00e9cologiques et peinture \u00e0 l&rsquo;huile manuelle<\/p>\n<blockquote><p><em><strong>Secr\u00e9taire en forme de tonneau<\/strong><\/em><\/p><\/blockquote>\n","protected":false},"featured_media":2887,"comment_status":"open","ping_status":"closed","template":"","meta":{"_mi_skip_tracking":false},"product_cat":[150],"product_tag":[],"class_list":["post-5214","product","type-product","status-publish","has-post-thumbnail","hentry","product_cat-secretaire"],"_links":{"self":[{"href":"https:\/\/www.arkegypt.com\/fr\/wp-json\/wp\/v2\/product\/5214","targetHints":{"allow":["GET"]}}],"collection":[{"href":"https:\/\/www.arkegypt.com\/fr\/wp-json\/wp\/v2\/product"}],"about":[{"href":"https:\/\/www.arkegypt.com\/fr\/wp-json\/wp\/v2\/types\/product"}],"replies":[{"embeddable":true,"href":"https:\/\/www.arkegypt.com\/fr\/wp-json\/wp\/v2\/comments?post=5214"}],"wp:featuredmedia":[{"embeddable":true,"href":"https:\/\/www.arkegypt.com\/fr\/wp-json\/wp\/v2\/media\/2887"}],"wp:attachment":[{"href":"https:\/\/www.arkegypt.com\/fr\/wp-json\/wp\/v2\/media?parent=5214"}],"wp:term":[{"taxonomy":"product_cat","embeddable":true,"href":"https:\/\/www.arkegypt.com\/fr\/wp-json\/wp\/v2\/product_cat?post=5214"},{"taxonomy":"product_tag","embeddable":true,"href":"https:\/\/www.arkegypt.com\/fr\/wp-json\/wp\/v2\/product_tag?post=5214"}],"curies":[{"name":"wp","href":"https:\/\/api.w.org\/{rel}","templated":true}]}}