{"id":5218,"date":"2019-08-20T08:50:46","date_gmt":"2019-08-20T06:50:46","guid":{"rendered":"https:\/\/www.arkegypt.com\/?post_type=product&#038;p=5218"},"modified":"2022-07-06T14:49:56","modified_gmt":"2022-07-06T12:49:56","slug":"bureau-pharaonique","status":"publish","type":"product","link":"https:\/\/www.arkegypt.com\/fr\/product\/bureau-pharaonique\/","title":{"rendered":"Bureau pharaonique"},"content":{"rendered":"","protected":false},"excerpt":{"rendered":"<p>\u2013 Un bureau pharaonique grav\u00e9 dessus en hi\u00e9roglyphes, et il est originaire du temple d&rsquo;Al-Qarang<\/p>\n<p>\u2013 Il y \u00e9tait grav\u00e9 en langue hi\u00e9roglyphique et les quatre coins \u00e9taient un masque de Tut sur Khamun<\/p>\n<p>\u2013 Et l&rsquo;ajout d&rsquo;un tableau en forme de pyramide de Khufu, l&rsquo;une des sept merveilles de la Danita, pour montrer tout cela avec l&rsquo;ajout de la technologie moderne en touchant dans certaines parties ou par t\u00e9l\u00e9phone avec un num\u00e9ro de s\u00e9curit\u00e9, ce qui ajoute \u00e0 lui l&rsquo;avantage de l&rsquo;utiliser comme coffre-fort pour les biens de valeur<br \/>\nEt il y a des sons de musique pharaonique pour vous faire ressentir le sentiment de cette \u00e8re pharaonique<\/p>\n<p>\u2013 Et le ch\u0153ur s&rsquo;inspire du dessin d&rsquo;une chaise de l&rsquo;h\u00e9ritage pharaonique et le pi\u00e8tement est en papyrus<\/p>\n<p>-Fabriqu\u00e9 par les artisans les plus qualifi\u00e9s de l&rsquo;industrie artisanale<\/p>\n<p>-Cet \u00e9l\u00e9ment est inspir\u00e9 des palais \u00e9gyptiens et de l&rsquo;art fran\u00e7ais ancien classique<\/p>\n<p>\u2013 Structure en bois naturel avec en plus tout le travail de gravure sur la mati\u00e8re bois r\u00e9sine et peintures \u00e9cologiques<\/p>\n<blockquote><p><em><strong>Bureau pharaonique<\/strong><\/em><\/p><\/blockquote>\n","protected":false},"featured_media":3211,"comment_status":"open","ping_status":"closed","template":"","meta":{"_mi_skip_tracking":false},"product_cat":[149],"product_tag":[],"class_list":["post-5218","product","type-product","status-publish","has-post-thumbnail","hentry","product_cat-bureau"],"_links":{"self":[{"href":"https:\/\/www.arkegypt.com\/fr\/wp-json\/wp\/v2\/product\/5218","targetHints":{"allow":["GET"]}}],"collection":[{"href":"https:\/\/www.arkegypt.com\/fr\/wp-json\/wp\/v2\/product"}],"about":[{"href":"https:\/\/www.arkegypt.com\/fr\/wp-json\/wp\/v2\/types\/product"}],"replies":[{"embeddable":true,"href":"https:\/\/www.arkegypt.com\/fr\/wp-json\/wp\/v2\/comments?post=5218"}],"wp:featuredmedia":[{"embeddable":true,"href":"https:\/\/www.arkegypt.com\/fr\/wp-json\/wp\/v2\/media\/3211"}],"wp:attachment":[{"href":"https:\/\/www.arkegypt.com\/fr\/wp-json\/wp\/v2\/media?parent=5218"}],"wp:term":[{"taxonomy":"product_cat","embeddable":true,"href":"https:\/\/www.arkegypt.com\/fr\/wp-json\/wp\/v2\/product_cat?post=5218"},{"taxonomy":"product_tag","embeddable":true,"href":"https:\/\/www.arkegypt.com\/fr\/wp-json\/wp\/v2\/product_tag?post=5218"}],"curies":[{"name":"wp","href":"https:\/\/api.w.org\/{rel}","templated":true}]}}