{"id":5223,"date":"2019-08-20T08:45:31","date_gmt":"2019-08-20T06:45:31","guid":{"rendered":"https:\/\/www.arkegypt.com\/?post_type=product&#038;p=5223"},"modified":"2022-07-06T14:57:27","modified_gmt":"2022-07-06T12:57:27","slug":"bouquet-de-fleurs-avec-ceinture-rose","status":"publish","type":"product","link":"https:\/\/www.arkegypt.com\/fr\/product\/bouquet-de-fleurs-avec-ceinture-rose\/","title":{"rendered":"Bouquet de fleurs avec ceinture rose"},"content":{"rendered":"","protected":false},"excerpt":{"rendered":"<p>\u2013 Un ancien chef-d&rsquo;\u0153uvre des antiquit\u00e9s fran\u00e7aises avec un message artistique de leur patrimoine<\/p>\n<p>\u2013 Fabriqu\u00e9 par les artisans les plus qualifi\u00e9s de l&rsquo;industrie artisanale<\/p>\n<p>\u2013 Ce produit est un design sp\u00e9cial inspir\u00e9 de l&rsquo;art et de l&rsquo;antiquit\u00e9 fran\u00e7ais<\/p>\n<p>\u2013 Structure en bois naturel avec toutes les gravures bois et r\u00e9sine ajout\u00e9es, peintures \u00e9cologiques<\/p>\n<blockquote><p><em><strong>Bouquet de fleurs avec ceinture rose<\/strong><\/em><\/p><\/blockquote>\n","protected":false},"featured_media":3052,"comment_status":"open","ping_status":"closed","template":"","meta":{"_mi_skip_tracking":false},"product_cat":[146],"product_tag":[],"class_list":["post-5223","product","type-product","status-publish","has-post-thumbnail","hentry","product_cat-peinte-a-la-main"],"_links":{"self":[{"href":"https:\/\/www.arkegypt.com\/fr\/wp-json\/wp\/v2\/product\/5223","targetHints":{"allow":["GET"]}}],"collection":[{"href":"https:\/\/www.arkegypt.com\/fr\/wp-json\/wp\/v2\/product"}],"about":[{"href":"https:\/\/www.arkegypt.com\/fr\/wp-json\/wp\/v2\/types\/product"}],"replies":[{"embeddable":true,"href":"https:\/\/www.arkegypt.com\/fr\/wp-json\/wp\/v2\/comments?post=5223"}],"wp:featuredmedia":[{"embeddable":true,"href":"https:\/\/www.arkegypt.com\/fr\/wp-json\/wp\/v2\/media\/3052"}],"wp:attachment":[{"href":"https:\/\/www.arkegypt.com\/fr\/wp-json\/wp\/v2\/media?parent=5223"}],"wp:term":[{"taxonomy":"product_cat","embeddable":true,"href":"https:\/\/www.arkegypt.com\/fr\/wp-json\/wp\/v2\/product_cat?post=5223"},{"taxonomy":"product_tag","embeddable":true,"href":"https:\/\/www.arkegypt.com\/fr\/wp-json\/wp\/v2\/product_tag?post=5223"}],"curies":[{"name":"wp","href":"https:\/\/api.w.org\/{rel}","templated":true}]}}