{"id":5237,"date":"2019-08-20T08:43:50","date_gmt":"2019-08-20T06:43:50","guid":{"rendered":"https:\/\/www.arkegypt.com\/?post_type=product&#038;p=5237"},"modified":"2022-07-06T15:15:11","modified_gmt":"2022-07-06T13:15:11","slug":"sac-a-vin-du-patrimoine-francais","status":"publish","type":"product","link":"https:\/\/www.arkegypt.com\/fr\/product\/sac-a-vin-du-patrimoine-francais\/","title":{"rendered":"Sac \u00e0 vin du patrimoine fran\u00e7ais"},"content":{"rendered":"","protected":false},"excerpt":{"rendered":"<p>\u2013 Un ancien chef-d&rsquo;\u0153uvre d&rsquo;antiquit\u00e9s italiennes o\u00f9 l&rsquo;on gardait le vin dans le pass\u00e9<\/p>\n<p>Fabriqu\u00e9 par les artisans les plus qualifi\u00e9s<\/p>\n<p>Ce produit est un design sp\u00e9cial inspir\u00e9 de l&rsquo;art italien et de l&rsquo;antiquit\u00e9 de l&rsquo;\u00e9cole de l&rsquo;artiste L\u00e9onard de Vinci<\/p>\n<p>\u2013 Structure en bois naturel avec l&rsquo;ajout de tous les travaux manuels de peinture \u00e0 l&rsquo;huile sur bois, peintures adapt\u00e9es et respectueuses de l&rsquo;environnement<\/p>\n<blockquote><p><em><strong>Sac \u00e0 vin du patrimoine fran\u00e7ais<\/strong><\/em><\/p><\/blockquote>\n","protected":false},"featured_media":3040,"comment_status":"open","ping_status":"closed","template":"","meta":{"_mi_skip_tracking":false},"product_cat":[146],"product_tag":[],"class_list":["post-5237","product","type-product","status-publish","has-post-thumbnail","hentry","product_cat-peinte-a-la-main"],"_links":{"self":[{"href":"https:\/\/www.arkegypt.com\/fr\/wp-json\/wp\/v2\/product\/5237","targetHints":{"allow":["GET"]}}],"collection":[{"href":"https:\/\/www.arkegypt.com\/fr\/wp-json\/wp\/v2\/product"}],"about":[{"href":"https:\/\/www.arkegypt.com\/fr\/wp-json\/wp\/v2\/types\/product"}],"replies":[{"embeddable":true,"href":"https:\/\/www.arkegypt.com\/fr\/wp-json\/wp\/v2\/comments?post=5237"}],"wp:featuredmedia":[{"embeddable":true,"href":"https:\/\/www.arkegypt.com\/fr\/wp-json\/wp\/v2\/media\/3040"}],"wp:attachment":[{"href":"https:\/\/www.arkegypt.com\/fr\/wp-json\/wp\/v2\/media?parent=5237"}],"wp:term":[{"taxonomy":"product_cat","embeddable":true,"href":"https:\/\/www.arkegypt.com\/fr\/wp-json\/wp\/v2\/product_cat?post=5237"},{"taxonomy":"product_tag","embeddable":true,"href":"https:\/\/www.arkegypt.com\/fr\/wp-json\/wp\/v2\/product_tag?post=5237"}],"curies":[{"name":"wp","href":"https:\/\/api.w.org\/{rel}","templated":true}]}}