{"id":5253,"date":"2019-06-19T12:04:18","date_gmt":"2019-06-19T10:04:18","guid":{"rendered":"https:\/\/www.arkegypt.com\/?post_type=product&#038;p=5253"},"modified":"2022-08-02T17:30:04","modified_gmt":"2022-08-02T15:30:04","slug":"tableau-de-mecanique","status":"publish","type":"product","link":"https:\/\/www.arkegypt.com\/fr\/product\/tableau-de-mecanique\/","title":{"rendered":"Tableau de m\u00e9canique"},"content":{"rendered":"","protected":false},"excerpt":{"rendered":"<p>-Table en bois de nos industries, inspir\u00e9e de la civilisation fran\u00e7aise, avec un luxueux placage naturel et du cuivre massif qui l&rsquo;entoure<\/p>\n<p>-Fabriqu\u00e9 par les artisans les plus qualifi\u00e9s de l&rsquo;industrie artisanale<\/p>\n<p>\u2013 Cet \u00e9l\u00e9ment est inspir\u00e9 des palais fran\u00e7ais et de l&rsquo;ancien art classique fran\u00e7ais<\/p>\n<p>\u2013 Ce produit est un design sp\u00e9cial inspir\u00e9 de l&rsquo;art et de l&rsquo;antiquit\u00e9 fran\u00e7ais<\/p>\n<p>\u2013 Une table somptueuse donne l&rsquo;impression d&rsquo;\u00eatre dans un ch\u00e2teau fran\u00e7ais du 18\u00e8me si\u00e8cle<\/p>\n<p>\u2013 Tailles 60 cm de diam\u00e8tre et 75 de hauteur, structure en bois naturel avec l&rsquo;ajout de tous les travaux de sculpture sur bois, r\u00e9sine, marqueterie et incrustations, et de haute qualit\u00e9<\/p>\n<blockquote><p><em><strong>Tableau de m\u00e9canique<\/strong><\/em><\/p><\/blockquote>\n","protected":false},"featured_media":2890,"comment_status":"open","ping_status":"closed","template":"","meta":{"_mi_skip_tracking":false},"product_cat":[151],"product_tag":[],"class_list":["post-5253","product","type-product","status-publish","has-post-thumbnail","hentry","product_cat-table-fr"],"_links":{"self":[{"href":"https:\/\/www.arkegypt.com\/fr\/wp-json\/wp\/v2\/product\/5253","targetHints":{"allow":["GET"]}}],"collection":[{"href":"https:\/\/www.arkegypt.com\/fr\/wp-json\/wp\/v2\/product"}],"about":[{"href":"https:\/\/www.arkegypt.com\/fr\/wp-json\/wp\/v2\/types\/product"}],"replies":[{"embeddable":true,"href":"https:\/\/www.arkegypt.com\/fr\/wp-json\/wp\/v2\/comments?post=5253"}],"wp:featuredmedia":[{"embeddable":true,"href":"https:\/\/www.arkegypt.com\/fr\/wp-json\/wp\/v2\/media\/2890"}],"wp:attachment":[{"href":"https:\/\/www.arkegypt.com\/fr\/wp-json\/wp\/v2\/media?parent=5253"}],"wp:term":[{"taxonomy":"product_cat","embeddable":true,"href":"https:\/\/www.arkegypt.com\/fr\/wp-json\/wp\/v2\/product_cat?post=5253"},{"taxonomy":"product_tag","embeddable":true,"href":"https:\/\/www.arkegypt.com\/fr\/wp-json\/wp\/v2\/product_tag?post=5253"}],"curies":[{"name":"wp","href":"https:\/\/api.w.org\/{rel}","templated":true}]}}