{"id":5262,"date":"2019-06-17T09:17:45","date_gmt":"2019-06-17T07:17:45","guid":{"rendered":"https:\/\/www.arkegypt.com\/?post_type=product&#038;p=5262"},"modified":"2022-07-06T16:41:09","modified_gmt":"2022-07-06T14:41:09","slug":"miroir-oud-violon-marine","status":"publish","type":"product","link":"https:\/\/www.arkegypt.com\/fr\/product\/miroir-oud-violon-marine\/","title":{"rendered":"Miroir oud violon marine"},"content":{"rendered":"","protected":false},"excerpt":{"rendered":"<p>\u2013 Vanhan ranskalaisen perinn\u00f6n inspiroima peili<\/p>\n<p>\u2013 K\u00e4sintehtyalan taitavimpien k\u00e4sity\u00f6l\u00e4isten valmistama<\/p>\n<p>\u2013 T\u00e4m\u00e4 elementti on saanut inspiraationsa ranskalaisista palatseista ja klassisesta vanhasta ranskalaisesta taiteesta<\/p>\n<p>\u2013 T\u00e4m\u00e4 tuote on ranskalaisesta taiteesta ja antiikista inspiroitunut erikoisdesign<\/p>\n<p>\u2013 Iloinen ja tyylik\u00e4s peili, joka antaa tunteen olla ranskalaisessa palatsissa 1700-luvulta<\/p>\n<p>\u2013 Luonnollinen puurakenne, johon on lis\u00e4tty kaikki kaiverrusty\u00f6t puumateriaalihartsiin ja peiliin 4 mm Yksi hienoimmista peilityypeist\u00e4 korkealaatuisilla ja ymp\u00e4rist\u00f6yst\u00e4v\u00e4llisill\u00e4 maaleilla<\/p>\n<blockquote><p><em><strong>Miroir oud violon marine<\/strong><\/em><\/p><\/blockquote>\n","protected":false},"featured_media":2860,"comment_status":"open","ping_status":"closed","template":"","meta":{"_mi_skip_tracking":false},"product_cat":[147],"product_tag":[],"class_list":["post-5262","product","type-product","status-publish","has-post-thumbnail","hentry","product_cat-miroiter"],"_links":{"self":[{"href":"https:\/\/www.arkegypt.com\/fr\/wp-json\/wp\/v2\/product\/5262","targetHints":{"allow":["GET"]}}],"collection":[{"href":"https:\/\/www.arkegypt.com\/fr\/wp-json\/wp\/v2\/product"}],"about":[{"href":"https:\/\/www.arkegypt.com\/fr\/wp-json\/wp\/v2\/types\/product"}],"replies":[{"embeddable":true,"href":"https:\/\/www.arkegypt.com\/fr\/wp-json\/wp\/v2\/comments?post=5262"}],"wp:featuredmedia":[{"embeddable":true,"href":"https:\/\/www.arkegypt.com\/fr\/wp-json\/wp\/v2\/media\/2860"}],"wp:attachment":[{"href":"https:\/\/www.arkegypt.com\/fr\/wp-json\/wp\/v2\/media?parent=5262"}],"wp:term":[{"taxonomy":"product_cat","embeddable":true,"href":"https:\/\/www.arkegypt.com\/fr\/wp-json\/wp\/v2\/product_cat?post=5262"},{"taxonomy":"product_tag","embeddable":true,"href":"https:\/\/www.arkegypt.com\/fr\/wp-json\/wp\/v2\/product_tag?post=5262"}],"curies":[{"name":"wp","href":"https:\/\/api.w.org\/{rel}","templated":true}]}}