{"id":5281,"date":"2019-06-17T08:20:33","date_gmt":"2019-06-17T06:20:33","guid":{"rendered":"https:\/\/www.arkegypt.com\/?post_type=product&#038;p=5281"},"modified":"2022-07-06T17:33:33","modified_gmt":"2022-07-06T15:33:33","slug":"siege-italien","status":"publish","type":"product","link":"https:\/\/www.arkegypt.com\/fr\/product\/siege-italien\/","title":{"rendered":"si\u00e8ge italien"},"content":{"rendered":"","protected":false},"excerpt":{"rendered":"<p>\u2013 Un si\u00e8ge luxueux inspir\u00e9 des anciennes histoires romantiques italiennes avec un tissu luxueux et une \u00e9ponge haute densit\u00e9<\/p>\n<p>-Fabriqu\u00e9 par les artisans les plus qualifi\u00e9s de l&rsquo;industrie artisanale<\/p>\n<p>-Cet \u00e9l\u00e9ment est inspir\u00e9 des palais italiens et de l&rsquo;art classique fran\u00e7ais ancien<\/p>\n<p>\u2013 Ce produit est un design sp\u00e9cial inspir\u00e9 de l&rsquo;art et de l&rsquo;antiquit\u00e9 italiens<\/p>\n<p>\u2013 Structure en bois naturel avec l&rsquo;ajout de tous les travaux de gravure sur r\u00e9sine de bois et \u00e9ponge haute densit\u00e9 avec des morceaux de tissu appropri\u00e9s avec la possibilit\u00e9 de fabriquer le produit selon le d\u00e9sir du client et des peintures respectueuses de l&rsquo;environnement<\/p>\n<blockquote><p><em><strong>si\u00e8ge italien<\/strong><\/em><\/p><\/blockquote>\n","protected":false},"featured_media":2842,"comment_status":"open","ping_status":"closed","template":"","meta":{"_mi_skip_tracking":false},"product_cat":[144],"product_tag":[],"class_list":["post-5281","product","type-product","status-publish","has-post-thumbnail","hentry","product_cat-chaise"],"_links":{"self":[{"href":"https:\/\/www.arkegypt.com\/fr\/wp-json\/wp\/v2\/product\/5281","targetHints":{"allow":["GET"]}}],"collection":[{"href":"https:\/\/www.arkegypt.com\/fr\/wp-json\/wp\/v2\/product"}],"about":[{"href":"https:\/\/www.arkegypt.com\/fr\/wp-json\/wp\/v2\/types\/product"}],"replies":[{"embeddable":true,"href":"https:\/\/www.arkegypt.com\/fr\/wp-json\/wp\/v2\/comments?post=5281"}],"wp:featuredmedia":[{"embeddable":true,"href":"https:\/\/www.arkegypt.com\/fr\/wp-json\/wp\/v2\/media\/2842"}],"wp:attachment":[{"href":"https:\/\/www.arkegypt.com\/fr\/wp-json\/wp\/v2\/media?parent=5281"}],"wp:term":[{"taxonomy":"product_cat","embeddable":true,"href":"https:\/\/www.arkegypt.com\/fr\/wp-json\/wp\/v2\/product_cat?post=5281"},{"taxonomy":"product_tag","embeddable":true,"href":"https:\/\/www.arkegypt.com\/fr\/wp-json\/wp\/v2\/product_tag?post=5281"}],"curies":[{"name":"wp","href":"https:\/\/api.w.org\/{rel}","templated":true}]}}