{"id":5293,"date":"2019-06-17T08:18:01","date_gmt":"2019-06-17T06:18:01","guid":{"rendered":"https:\/\/www.arkegypt.com\/?post_type=product&#038;p=5293"},"modified":"2022-07-06T17:42:44","modified_gmt":"2022-07-06T15:42:44","slug":"siege-romantique","status":"publish","type":"product","link":"https:\/\/www.arkegypt.com\/fr\/product\/siege-romantique\/","title":{"rendered":"Si\u00e8ge romantique"},"content":{"rendered":"","protected":false},"excerpt":{"rendered":"<p>-Un si\u00e8ge luxueux inspir\u00e9 des vieilles histoires romantiques fran\u00e7aises avec une sculpture sur le dessus du si\u00e8ge en ajoutant une vari\u00e9t\u00e9 de fleurs fran\u00e7aises originales<\/p>\n<p>-Fabriqu\u00e9 par les artisans les plus qualifi\u00e9s de l&rsquo;industrie artisanale<\/p>\n<p>-Cet \u00e9l\u00e9ment est inspir\u00e9 des palais fran\u00e7ais et de l&rsquo;art classique fran\u00e7ais ancien<\/p>\n<p>\u2013 Ce produit est un design sp\u00e9cial inspir\u00e9 de l&rsquo;art et de l&rsquo;antiquit\u00e9 fran\u00e7ais<\/p>\n<p>\u2013 Structure en bois naturel avec l&rsquo;ajout de tous les travaux de gravure sur r\u00e9sine de bois et \u00e9ponge haute densit\u00e9 avec des morceaux de tissu appropri\u00e9s avec la possibilit\u00e9 de fabriquer le produit selon le d\u00e9sir du client et des peintures respectueuses de l&rsquo;environnement<\/p>\n<blockquote><p><em><strong>Si\u00e8ge romantique<\/strong><\/em><\/p><\/blockquote>\n","protected":false},"featured_media":2836,"comment_status":"open","ping_status":"closed","template":"","meta":{"_mi_skip_tracking":false},"product_cat":[144],"product_tag":[],"class_list":["post-5293","product","type-product","status-publish","has-post-thumbnail","hentry","product_cat-chaise"],"_links":{"self":[{"href":"https:\/\/www.arkegypt.com\/fr\/wp-json\/wp\/v2\/product\/5293","targetHints":{"allow":["GET"]}}],"collection":[{"href":"https:\/\/www.arkegypt.com\/fr\/wp-json\/wp\/v2\/product"}],"about":[{"href":"https:\/\/www.arkegypt.com\/fr\/wp-json\/wp\/v2\/types\/product"}],"replies":[{"embeddable":true,"href":"https:\/\/www.arkegypt.com\/fr\/wp-json\/wp\/v2\/comments?post=5293"}],"wp:featuredmedia":[{"embeddable":true,"href":"https:\/\/www.arkegypt.com\/fr\/wp-json\/wp\/v2\/media\/2836"}],"wp:attachment":[{"href":"https:\/\/www.arkegypt.com\/fr\/wp-json\/wp\/v2\/media?parent=5293"}],"wp:term":[{"taxonomy":"product_cat","embeddable":true,"href":"https:\/\/www.arkegypt.com\/fr\/wp-json\/wp\/v2\/product_cat?post=5293"},{"taxonomy":"product_tag","embeddable":true,"href":"https:\/\/www.arkegypt.com\/fr\/wp-json\/wp\/v2\/product_tag?post=5293"}],"curies":[{"name":"wp","href":"https:\/\/api.w.org\/{rel}","templated":true}]}}