{"id":5303,"date":"2019-06-17T08:13:03","date_gmt":"2019-06-17T06:13:03","guid":{"rendered":"https:\/\/www.arkegypt.com\/?post_type=product&#038;p=5303"},"modified":"2022-07-07T13:49:44","modified_gmt":"2022-07-07T11:49:44","slug":"chateau-du-feu-commode-antique-avec-de-luxueuses-pieces-en-laiton","status":"publish","type":"product","link":"https:\/\/www.arkegypt.com\/fr\/product\/chateau-du-feu-commode-antique-avec-de-luxueuses-pieces-en-laiton\/","title":{"rendered":"(ch\u00e2teau du feu) Commode antique avec de luxueuses pi\u00e8ces en laiton"},"content":{"rendered":"","protected":false},"excerpt":{"rendered":"<p>-Une commode antique inspir\u00e9e de la civilisation fran\u00e7aise avec de luxueuses pi\u00e8ces en cuivre qui ressemblent \u00e0 des br\u00fbleurs ardents, donnant l&rsquo;impression qu&rsquo;elle provient d&rsquo;un ancien palais fran\u00e7ais<\/p>\n<p>-Fabriqu\u00e9 par les artisans les plus qualifi\u00e9s de l&rsquo;industrie artisanale<\/p>\n<p>\u2013 Ce produit est un design sp\u00e9cial inspir\u00e9 de l&rsquo;art et de l&rsquo;antiquit\u00e9 fran\u00e7ais<\/p>\n<p>&#8211; Ce produit est un design sp\u00e9cial inspir\u00e9 de l&rsquo;art et de l&rsquo;antiquit\u00e9 chinois fabriqu\u00e9 par les fabricants les plus qualifi\u00e9s de meubles artisanaux classiques<\/p>\n<p>\u2013 Structure en bois naturel avec l&rsquo;ajout de tous les travaux de gravure sur bois et r\u00e9sine, Un cuivre luxueusement adapt\u00e9 a \u00e9t\u00e9 choisi et des peintures respectueuses de l&rsquo;environnement<\/p>\n<blockquote><p><em><strong>(ch\u00e2teau du feu) Commode antique avec de luxueuses pi\u00e8ces en laiton<\/strong><\/em><\/p><\/blockquote>\n","protected":false},"featured_media":3031,"comment_status":"open","ping_status":"closed","template":"","meta":{"_mi_skip_tracking":false},"product_cat":[145],"product_tag":[],"class_list":["post-5303","product","type-product","status-publish","has-post-thumbnail","hentry","product_cat-commode-fr"],"_links":{"self":[{"href":"https:\/\/www.arkegypt.com\/fr\/wp-json\/wp\/v2\/product\/5303","targetHints":{"allow":["GET"]}}],"collection":[{"href":"https:\/\/www.arkegypt.com\/fr\/wp-json\/wp\/v2\/product"}],"about":[{"href":"https:\/\/www.arkegypt.com\/fr\/wp-json\/wp\/v2\/types\/product"}],"replies":[{"embeddable":true,"href":"https:\/\/www.arkegypt.com\/fr\/wp-json\/wp\/v2\/comments?post=5303"}],"wp:featuredmedia":[{"embeddable":true,"href":"https:\/\/www.arkegypt.com\/fr\/wp-json\/wp\/v2\/media\/3031"}],"wp:attachment":[{"href":"https:\/\/www.arkegypt.com\/fr\/wp-json\/wp\/v2\/media?parent=5303"}],"wp:term":[{"taxonomy":"product_cat","embeddable":true,"href":"https:\/\/www.arkegypt.com\/fr\/wp-json\/wp\/v2\/product_cat?post=5303"},{"taxonomy":"product_tag","embeddable":true,"href":"https:\/\/www.arkegypt.com\/fr\/wp-json\/wp\/v2\/product_tag?post=5303"}],"curies":[{"name":"wp","href":"https:\/\/api.w.org\/{rel}","templated":true}]}}