{"id":5312,"date":"2019-06-17T08:11:18","date_gmt":"2019-06-17T06:11:18","guid":{"rendered":"https:\/\/www.arkegypt.com\/?post_type=product&#038;p=5312"},"modified":"2022-07-07T14:25:54","modified_gmt":"2022-07-07T12:25:54","slug":"table-a-the-royale-une-commode-inspiree-de-lancienne-civilisation-francaise","status":"publish","type":"product","link":"https:\/\/www.arkegypt.com\/fr\/product\/table-a-the-royale-une-commode-inspiree-de-lancienne-civilisation-francaise\/","title":{"rendered":"(table \u00e0 th\u00e9 royale) Une commode inspir\u00e9e de l&rsquo;ancienne civilisation fran\u00e7aise"},"content":{"rendered":"","protected":false},"excerpt":{"rendered":"<p>-Une luxueuse commode royale On raconte qu&rsquo;un des anciens rois de France, lorsqu&rsquo;il lisait, pr\u00e9parait du th\u00e9 et lisait dessus.<\/p>\n<p>-Fabriqu\u00e9 par les artisans les plus qualifi\u00e9s de l&rsquo;industrie artisanale<\/p>\n<p>\u2013 Ce produit est un design sp\u00e9cial inspir\u00e9 de l&rsquo;art et de l&rsquo;antiquit\u00e9 fran\u00e7ais<\/p>\n<p>&#8211; Ce produit est un design sp\u00e9cial inspir\u00e9 de l&rsquo;art et de l&rsquo;antiquit\u00e9 chinois fabriqu\u00e9 par les fabricants les plus qualifi\u00e9s de meubles artisanaux classiques<\/p>\n<p>\u2013 Structure en bois naturel avec l&rsquo;ajout de tous les travaux de gravure sur bois et r\u00e9sine, Un cuivre luxueusement adapt\u00e9 a \u00e9t\u00e9 choisi et des peintures respectueuses de l&rsquo;environnement<\/p>\n<blockquote><p><em><strong>(table \u00e0 th\u00e9 royale) Une commode inspir\u00e9e de l&rsquo;ancienne civilisation fran\u00e7aise<\/strong><\/em><\/p><\/blockquote>\n","protected":false},"featured_media":2809,"comment_status":"open","ping_status":"closed","template":"","meta":{"_mi_skip_tracking":false},"product_cat":[145],"product_tag":[],"class_list":["post-5312","product","type-product","status-publish","has-post-thumbnail","hentry","product_cat-commode-fr"],"_links":{"self":[{"href":"https:\/\/www.arkegypt.com\/fr\/wp-json\/wp\/v2\/product\/5312","targetHints":{"allow":["GET"]}}],"collection":[{"href":"https:\/\/www.arkegypt.com\/fr\/wp-json\/wp\/v2\/product"}],"about":[{"href":"https:\/\/www.arkegypt.com\/fr\/wp-json\/wp\/v2\/types\/product"}],"replies":[{"embeddable":true,"href":"https:\/\/www.arkegypt.com\/fr\/wp-json\/wp\/v2\/comments?post=5312"}],"wp:featuredmedia":[{"embeddable":true,"href":"https:\/\/www.arkegypt.com\/fr\/wp-json\/wp\/v2\/media\/2809"}],"wp:attachment":[{"href":"https:\/\/www.arkegypt.com\/fr\/wp-json\/wp\/v2\/media?parent=5312"}],"wp:term":[{"taxonomy":"product_cat","embeddable":true,"href":"https:\/\/www.arkegypt.com\/fr\/wp-json\/wp\/v2\/product_cat?post=5312"},{"taxonomy":"product_tag","embeddable":true,"href":"https:\/\/www.arkegypt.com\/fr\/wp-json\/wp\/v2\/product_tag?post=5312"}],"curies":[{"name":"wp","href":"https:\/\/api.w.org\/{rel}","templated":true}]}}