{"id":5268,"date":"2019-06-17T09:16:23","date_gmt":"2019-06-17T07:16:23","guid":{"rendered":"https:\/\/www.arkegypt.com\/?post_type=product&#038;p=5268"},"modified":"2022-07-06T16:51:51","modified_gmt":"2022-07-06T14:51:51","slug":"%d0%b7%d0%b5%d1%80%d0%ba%d0%b0%d0%bb%d0%be-%d0%bc%d0%be%d1%80%d1%81%d0%ba%d0%be%d0%b9-%d0%b7%d0%b2%d0%b5%d0%b7%d0%b4%d1%8b","status":"publish","type":"product","link":"https:\/\/www.arkegypt.com\/ru\/product\/%d0%b7%d0%b5%d1%80%d0%ba%d0%b0%d0%bb%d0%be-%d0%bc%d0%be%d1%80%d1%81%d0%ba%d0%be%d0%b9-%d0%b7%d0%b2%d0%b5%d0%b7%d0%b4%d1%8b\/","title":{"rendered":"\u0417\u0435\u0440\u043a\u0430\u043b\u043e \u043c\u043e\u0440\u0441\u043a\u043e\u0439 \u0437\u0432\u0435\u0437\u0434\u044b"},"content":{"rendered":"","protected":false},"excerpt":{"rendered":"<p>-Un miroir inspir\u00e9 de l&#8217;ancien patrimoine fran\u00e7ais<\/p>\n<p>-Fabriqu\u00e9 par les artisans les plus qualifi\u00e9s de l&#8217;industrie artisanale<\/p>\n<p>-Cet \u00e9l\u00e9ment est inspir\u00e9 des palais fran\u00e7ais et de l&#8217;art classique fran\u00e7ais ancien<\/p>\n<p>-Ce produit est un design sp\u00e9cial inspir\u00e9 de l&#8217;art et de l&#8217;antiquit\u00e9 fran\u00e7ais<\/p>\n<p>-Un miroir gai et \u00e9l\u00e9gant qui donne l&#8217;impression d&#8217;\u00eatre dans un palais fran\u00e7ais du XVIIIe si\u00e8cle<\/p>\n<p>-Structure en bois naturel avec l&#8217;ajout de tous les travaux de gravure sur le mat\u00e9riau bois r\u00e9sine et miroir 4 mm Un des plus beaux types de miroirs avec des peintures de haute qualit\u00e9 et respectueuses de l&#8217;environnement<\/p>\n<blockquote><p><em><strong>\u0417\u0435\u0440\u043a\u0430\u043b\u043e \u043c\u043e\u0440\u0441\u043a\u043e\u0439 \u0437\u0432\u0435\u0437\u0434\u044b<\/strong><\/em><\/p><\/blockquote>\n","protected":false},"featured_media":2858,"comment_status":"open","ping_status":"closed","template":"","meta":{"_mi_skip_tracking":false},"product_cat":[156],"product_tag":[],"class_list":["post-5268","product","type-product","status-publish","has-post-thumbnail","hentry","product_cat-156"],"_links":{"self":[{"href":"https:\/\/www.arkegypt.com\/ru\/wp-json\/wp\/v2\/product\/5268","targetHints":{"allow":["GET"]}}],"collection":[{"href":"https:\/\/www.arkegypt.com\/ru\/wp-json\/wp\/v2\/product"}],"about":[{"href":"https:\/\/www.arkegypt.com\/ru\/wp-json\/wp\/v2\/types\/product"}],"replies":[{"embeddable":true,"href":"https:\/\/www.arkegypt.com\/ru\/wp-json\/wp\/v2\/comments?post=5268"}],"wp:featuredmedia":[{"embeddable":true,"href":"https:\/\/www.arkegypt.com\/ru\/wp-json\/wp\/v2\/media\/2858"}],"wp:attachment":[{"href":"https:\/\/www.arkegypt.com\/ru\/wp-json\/wp\/v2\/media?parent=5268"}],"wp:term":[{"taxonomy":"product_cat","embeddable":true,"href":"https:\/\/www.arkegypt.com\/ru\/wp-json\/wp\/v2\/product_cat?post=5268"},{"taxonomy":"product_tag","embeddable":true,"href":"https:\/\/www.arkegypt.com\/ru\/wp-json\/wp\/v2\/product_tag?post=5268"}],"curies":[{"name":"wp","href":"https:\/\/api.w.org\/{rel}","templated":true}]}}